{"id":1878,"date":"2025-01-07T09:16:34","date_gmt":"2025-01-07T09:16:34","guid":{"rendered":"https:\/\/mustjalakogudus.ee\/?page_id=1878"},"modified":"2025-01-15T13:21:39","modified_gmt":"2025-01-15T13:21:39","slug":"galerii","status":"publish","type":"page","link":"https:\/\/mustjalakogudus.ee\/?page_id=1878","title":{"rendered":"Galerii"},"content":{"rendered":"<h2>Galerii<\/h2>\n<p><span style=\"color: #008000;\"><strong>Selles galeriis jagame meie oma koguduse liikmete tehtud erinevaid ja r\u00f5\u00f5msaid pilte.<\/strong><\/span><\/p>\n<p><span style=\"color: #008000;\"><strong>Nii kirikust kui ka erinevatest r\u00f5\u00f5msatest hetkedest meie inimestega seoses. Vahel ka pilte meediast v\u00f5i Mustjala Teataja lehelt.<\/strong><\/span><\/p>\n<p><span style=\"color: #008000;\"><strong>Pildistanud on neid erinevad omad inimesed, k\u00f5ige enam Helje Raaper. <\/strong><\/span><\/p>\n<p><span style=\"color: #008000;\"><strong>Suur t\u00e4nu neile k\u00f5igile!<\/strong><\/span><\/p>\n<p>&nbsp;<\/p>\n","protected":false},"excerpt":{"rendered":"<p>Galerii Selles galeriis jagame meie oma koguduse liikmete tehtud erinevaid ja r\u00f5\u00f5msaid pilte. Nii kirikust kui ka erinevatest r\u00f5\u00f5msatest hetkedest meie inimestega seoses. Vahel ka pilte meediast v\u00f5i Mustjala Teataja lehelt. Pildistanud on neid erinevad omad inimesed, k\u00f5ige enam Helje Raaper. Suur t\u00e4nu neile k\u00f5igile! &nbsp;<\/p>\n","protected":false},"author":1,"featured_media":0,"parent":0,"menu_order":0,"comment_status":"closed","ping_status":"closed","template":"","meta":{"_kad_post_transparent":"default","_kad_post_title":"default","_kad_post_layout":"default","_kad_post_sidebar_id":"","_kad_post_content_style":"default","_kad_post_vertical_padding":"default","_kad_post_feature":"","_kad_post_feature_position":"","_kad_post_header":false,"_kad_post_footer":false,"footnotes":""},"class_list":["post-1878","page","type-page","status-publish","hentry"],"_links":{"self":[{"href":"https:\/\/mustjalakogudus.ee\/index.php?rest_route=\/wp\/v2\/pages\/1878","targetHints":{"allow":["GET"]}}],"collection":[{"href":"https:\/\/mustjalakogudus.ee\/index.php?rest_route=\/wp\/v2\/pages"}],"about":[{"href":"https:\/\/mustjalakogudus.ee\/index.php?rest_route=\/wp\/v2\/types\/page"}],"author":[{"embeddable":true,"href":"https:\/\/mustjalakogudus.ee\/index.php?rest_route=\/wp\/v2\/users\/1"}],"replies":[{"embeddable":true,"href":"https:\/\/mustjalakogudus.ee\/index.php?rest_route=%2Fwp%2Fv2%2Fcomments&post=1878"}],"version-history":[{"count":3,"href":"https:\/\/mustjalakogudus.ee\/index.php?rest_route=\/wp\/v2\/pages\/1878\/revisions"}],"predecessor-version":[{"id":2033,"href":"https:\/\/mustjalakogudus.ee\/index.php?rest_route=\/wp\/v2\/pages\/1878\/revisions\/2033"}],"wp:attachment":[{"href":"https:\/\/mustjalakogudus.ee\/index.php?rest_route=%2Fwp%2Fv2%2Fmedia&parent=1878"}],"curies":[{"name":"wp","href":"https:\/\/api.w.org\/{rel}","templated":true}]}}