{"id":1877,"date":"2025-01-07T09:16:34","date_gmt":"2025-01-07T09:16:34","guid":{"rendered":"https:\/\/mustjalakogudus.ee\/?page_id=1877"},"modified":"2025-01-15T12:31:21","modified_gmt":"2025-01-15T12:31:21","slug":"kirjutisi-koguduse-ajaloost","status":"publish","type":"page","link":"https:\/\/mustjalakogudus.ee\/?page_id=1877","title":{"rendered":"Huvitavat koguduse ajaloost"},"content":{"rendered":"\t\t<div data-elementor-type=\"wp-page\" data-elementor-id=\"1877\" class=\"elementor elementor-1877\">\n\t\t\t\t\t\t<section class=\"elementor-section elementor-top-section elementor-element elementor-element-7f511fc elementor-section-boxed elementor-section-height-default elementor-section-height-default\" data-id=\"7f511fc\" data-element_type=\"section\">\n\t\t\t\t\t\t<div class=\"elementor-container elementor-column-gap-default\">\n\t\t\t\t\t<div class=\"elementor-column elementor-col-100 elementor-top-column elementor-element elementor-element-bfb6d1f\" data-id=\"bfb6d1f\" data-element_type=\"column\">\n\t\t\t<div class=\"elementor-widget-wrap elementor-element-populated\">\n\t\t\t\t\t\t<div class=\"elementor-element elementor-element-c0101ec elementor-widget elementor-widget-text-editor\" data-id=\"c0101ec\" data-element_type=\"widget\" data-widget_type=\"text-editor.default\">\n\t\t\t\t<div class=\"elementor-widget-container\">\n\t\t\t\t\t\t\t\t\t<p><span style=\"color: #000080;\"><strong>Meie koguduse ajaloost kirjutavad Mustjala kogudusega l\u00e4hedalt seotud ja ajaloohuviga inimesed:<\/strong><\/span><\/p><ul><li><span style=\"color: #003366;\">Kirjanik Maimu Berg<\/span><\/li><li><span style=\"color: #003366;\">Koguduse n\u00f5ukogu liige, kiriku naabrimees, Musta Jala galerii ning Mustjala K\u00e4sit\u00f6\u00f6sahvri peremees Aare Allik<\/span><\/li><li><span style=\"color: #003366;\">Pikki aastaid koguduse juhatuse esimees Helje Raaper on teinud palju pilte galeriisse ja andnud m\u00f5tteid kodulehe jaoks.<\/span><\/li><\/ul>\t\t\t\t\t\t\t\t<\/div>\n\t\t\t\t<\/div>\n\t\t\t\t\t<\/div>\n\t\t<\/div>\n\t\t\t\t\t<\/div>\n\t\t<\/section>\n\t\t\t\t<\/div>\n\t\t","protected":false},"excerpt":{"rendered":"<p>Meie koguduse ajaloost kirjutavad Mustjala kogudusega l\u00e4hedalt seotud ja ajaloohuviga inimesed: Kirjanik Maimu Berg Koguduse n\u00f5ukogu liige, kiriku naabrimees, Musta Jala galerii ning Mustjala K\u00e4sit\u00f6\u00f6sahvri peremees Aare Allik Pikki aastaid koguduse juhatuse esimees Helje Raaper on teinud palju pilte galeriisse ja andnud m\u00f5tteid kodulehe jaoks.<\/p>\n","protected":false},"author":1,"featured_media":0,"parent":1596,"menu_order":0,"comment_status":"closed","ping_status":"closed","template":"","meta":{"_kad_post_transparent":"default","_kad_post_title":"hide","_kad_post_layout":"fullwidth","_kad_post_sidebar_id":"","_kad_post_content_style":"unboxed","_kad_post_vertical_padding":"hide","_kad_post_feature":"hide","_kad_post_feature_position":"","_kad_post_header":false,"_kad_post_footer":false,"footnotes":""},"class_list":["post-1877","page","type-page","status-publish","hentry"],"_links":{"self":[{"href":"https:\/\/mustjalakogudus.ee\/index.php?rest_route=\/wp\/v2\/pages\/1877","targetHints":{"allow":["GET"]}}],"collection":[{"href":"https:\/\/mustjalakogudus.ee\/index.php?rest_route=\/wp\/v2\/pages"}],"about":[{"href":"https:\/\/mustjalakogudus.ee\/index.php?rest_route=\/wp\/v2\/types\/page"}],"author":[{"embeddable":true,"href":"https:\/\/mustjalakogudus.ee\/index.php?rest_route=\/wp\/v2\/users\/1"}],"replies":[{"embeddable":true,"href":"https:\/\/mustjalakogudus.ee\/index.php?rest_route=%2Fwp%2Fv2%2Fcomments&post=1877"}],"version-history":[{"count":9,"href":"https:\/\/mustjalakogudus.ee\/index.php?rest_route=\/wp\/v2\/pages\/1877\/revisions"}],"predecessor-version":[{"id":2009,"href":"https:\/\/mustjalakogudus.ee\/index.php?rest_route=\/wp\/v2\/pages\/1877\/revisions\/2009"}],"up":[{"embeddable":true,"href":"https:\/\/mustjalakogudus.ee\/index.php?rest_route=\/wp\/v2\/pages\/1596"}],"wp:attachment":[{"href":"https:\/\/mustjalakogudus.ee\/index.php?rest_route=%2Fwp%2Fv2%2Fmedia&parent=1877"}],"curies":[{"name":"wp","href":"https:\/\/api.w.org\/{rel}","templated":true}]}}