{"id":1868,"date":"2025-01-14T13:32:19","date_gmt":"2025-01-14T13:32:19","guid":{"rendered":"https:\/\/mustjalakogudus.ee\/?page_id=1868"},"modified":"2025-01-14T13:32:19","modified_gmt":"2025-01-14T13:32:19","slug":"kiriku-uuemast-ajaloost-alates-20-sajandist-kirjutab-aare-allik","status":"publish","type":"page","link":"https:\/\/mustjalakogudus.ee\/?page_id=1868","title":{"rendered":"Kiriku uuemast ajaloost alates 20.sajandist. Kirjutab Aare Allik"},"content":{"rendered":"<h2><span style=\"color: #000080;\">20. sajandi t\u00e4htsamad s\u00fcndmused ja Mustjala koguduse \u00f5petajad.<\/span><\/h2>\n<p><em><strong><span style=\"color: #000080;\">1903 valmis G. Terkmanni ehitatud Mustjala Anna kiriku orel.<\/span><\/strong><\/em><\/p>\n<p><em><strong><span style=\"color: #000080;\">1. maailmas\u00f5ja algus 1914, mobilisatsioonide algus. 1915 Kuressaare pommitamine. 1917 rannakaitsepatareide ehitamine Tagaranna k\u00fclasse.<\/span><\/strong><\/em><br \/>\n<em><strong><span style=\"color: #000080;\">1917 Saksamaa Keisririigi v\u00e4ed maabuvad Tagalahes ja Pammana poolsaarel. Saksa okupatsiooni kestus kuni 1918 november.<\/span><\/strong><\/em><\/p>\n<p><span style=\"font-family: var(--global-body-font-family);\">16.\u00a0 koguduse \u00f5petaja\u00a0<strong><span style=\"color: #000080;\"> August Eberhard 1886 -1927<\/span>.<\/strong> S\u00fcndis Kullamaal 06.05.1856. Ta oli pastor Paul Eberhardi poeg. \u00d5ppis Dorpati \u00dclikoolis aastatel 1874\u20131878. Alates 6.12.1885 sai temast pastor Mustelis, kus ta teenis kuni oma surmani 26. 02 (01).1927.<\/span>\u00a0Peale seda koht t\u00e4itmata kuni 1933, asendasid hooldaja\u00f5petajatena Treu ja Hirschhausen.<\/p>\n<p><em><strong><span style=\"color: #000080;\">1918 kuulutati v\u00e4lja Eesti Vabariik, Ajutise Valitsuse loomine. Vabaduss\u00f5da 1918-1920.<\/span><\/strong><\/em><br \/>\n<em><strong><span style=\"color: #000080;\">1928 valmis V\u00f5hma koolimaja, 1939 valmis Mustjala koolimaja.<\/span><\/strong><\/em><\/p>\n<p>17. koguduse \u00f5petaja <span style=\"color: #000080;\"><strong>August (Axel Frommhold) Treu 1927 -1931.<\/strong><\/span> S\u00fcndis 20.12.1898 Tallinnas. \u00d5ppis teoloogiat Tartu \u00dclikoolis aastatel 1918\u20131925. Aastatel 1926 s\u00fcgis kuni 1927 s\u00fcgis teenis Eesti s\u00f5jav\u00e4es, ordineeriti Tallinnas 16. oktoobril 1927. Aastatel 1927\u20131936 oli pastor Karja kirikus. 1939 p\u00f5genes Saksamaale, 1945 j\u00e4i teadmata kadunuks.<\/p>\n<p>18. koguduse \u00f5petaja <span style=\"color: #000080;\"><strong>Theodor Heinrich Oswald Hirschhausen 1931 -1933.<\/strong><\/span> S\u00fcndis Reigis (Hiiumaal) 15.10.1905. \u00d5ppis Tartu \u00dclikoolis teoloogiat aastatel 1924-1929. Osales s\u00f5jav\u00e4eteenistuses 1929-1930. Pastor K\u00e4rlas 1932- 1936, samal ajal kuni 1933 oli ta ka vikar Mustjalas. Ta suri Kuressaares 24.08.1936 ja maeti Reigis.<\/p>\n<p>19.\u00a0 koguduse \u00f5petaja <span style=\"color: #000080;\"><strong>Aksel (Axel) Kriisa 1934-1941.<\/strong><\/span> S\u00fcndis Kokem\u00e4el, V\u00f5rumaal 19. oktoobril 1904. \u00d5ppis Tartu \u00dclikoolis teoloogiat aastatel 1925\u20131931. Orelimeister. 1939-1940 Saaremaa praosti kt ja praostkonna abipraost. 1941 arreteeriti NKVD poolt. Suri 05.08.1949 GULAG-i vangilaagris Sverdlovskis, Venemaal.<\/p>\n<p><span style=\"color: #000080;\"><em><strong>1939-1945 II maailmas\u00f5da. 1940 N\u00f5ukogude s\u00f5jav\u00e4ebaaside rajamine Ninase k\u00fclas.<\/strong><\/em><\/span><br \/>\n<span style=\"color: #000080;\"><em><strong>1941 N\u00f5ukogude Liidu Juunik\u00fc\u00fcditamine. Saksa okupatsioon 1941-1944. Suur p\u00f5genemine N\u00f5ukogude armee eest 1944 s\u00fcgis.<\/strong><\/em><\/span><\/p>\n<p>20. koguduse \u00f5petaja <span style=\"color: #000080;\"><strong>August Kobla 1941-1943.<\/strong><\/span> S\u00fcndis Tartus 31.03.1904. Aastatel 1928\u20131934 \u00f5ppis Tartu \u00dclikooli usuteaduskonnas. 1942\u20131943 Kaarma ja Mustjala Anna koguduse aset\u00e4itja \u00f5petaja, peale seda lahkus Saaremaalt. Suri 06.06.1988 Saaremaal, maetud Tapa kalmistule.<\/p>\n<p>21. koguduse \u00f5petaja <span style=\"color: #000080;\"><strong>Ernst Puusepp 1943-1944.<\/strong><\/span> S\u00fcndis 01.04.1898 Lasval, V\u00f5rumaal. Aastatel 1927\u20131936 \u00f5ppis Tartu \u00dclikooli usuteaduskonnas. Hukkus Eestist p\u00f5genemisel 06.10.1944 L\u00e4\u00e4nemerel laeval Nordstern, mis v\u00e4ljus Kuressaarest.<\/p>\n<p><em><span style=\"color: #000080;\"><strong>N\u00f5ukogude okupatsioon 1944-1991.<\/strong><\/span><\/em><\/p>\n<p>22. koguduse \u00f5petaja <span style=\"color: #000080;\"><strong>Karl Lipping 1944-1945<\/strong><\/span>. S\u00fcndis 28.09.1913 Tartus. Astus 1935. aastal Tartu \u00dclikooli usuteadust \u00f5ppima. L\u00f5petas 1943. aastal usuteaduskonna. Asendus\u00f5petaja K\u00e4rla ja Mustjala kogudustes. P\u00f5genes 1944 Saksamaale, edasi USA\u2019sse. Oli San Francisco piirkonna eestlaste usuelu korraldaja ja San Francisco koguduse asutaja. 1950-kuni surmani USA Chicago praostkonna abipraost Suri 20.12.1985.<\/p>\n<p>23. koguduse \u00f5petaja <span style=\"color: #000080;\"><strong>Eduard Kalda 1946-1950<\/strong> <\/span>Kihelkonna Mihkli koguduse \u00f5petajana. S\u00fcndis 30.11.1907. Vaivaras, Ida-Virumaal. 1934\u20131940 \u00f5ppis ta Tartu \u00dclikooli usuteaduskonnas, edasi 1940-1944 arstiteaduskonnas. 1950\u20131955 oli ta Saarte praostkonna praost. Suri 06.06.1985 Elvas.<\/p>\n<p>24.\u00a0 koguduse \u00f5petaja <span style=\"color: #000080;\"><strong>Alfred Tammiko 1950-1954<\/strong> <\/span>Valjala koguduse \u00f5petajana. S\u00fcndis 11.06.1903 Peterburis, Venemaal. \u00d5ppis 1931-1943 Tartu \u00dclikoolis majandust. 16.12.1945 ordineeriti \u00f5petajaks. Suri 25.12.1981 Tallinnas, maetud Liiva kalmistule.<\/p>\n<p>25. koguduse \u00f5petaja <span style=\"color: #000080;\"><strong>Rikhold Klaas 1954-1959<\/strong><\/span> Valjala koguduse \u00f5petajana. S\u00fcndis 16.10.1911 Tallinnas. 1935-1936 kirjastas kristlikku \u00e4ratuslehte Kutse &#8211; \u00c4ratusleht linnas ja maal. Surnud 06.07.1983, Tallinnas, maetud Rahum\u00e4e kalmistule.<\/p>\n<p>26. koguduse \u00f5petaja <span style=\"color: #000080;\"><strong>Armand Leimann 1959-1967<\/strong> <\/span>Valjala, P\u00fcha ja Mustajala koguduse \u00f5petajana. S\u00fcndis 08.01.1923 Haanjas, V\u00f5rumaal. Osales 1944-1945 II MS\u00b4s Vene armees Laskurpolgus. 1956-1959 \u00f5ppis Tallinnas Usuteaduste Instituudis. 1979-1991 V\u00f5ru praostkonna abipraost ja praost. Suri 11.11.1991 R\u00f5uges.<\/p>\n<p>27. koguduse \u00f5petaja <span style=\"color: #000080;\"><strong>Juhan Vaher (kuni 1934 Elmar Johannes Vaher) 1967-1968.<\/strong><\/span> S\u00fcndis Valgamaal, Sangaste vallas. Valjala, P\u00fcha ja Mustjala koguduse ajutine \u00f5petaja. 1971 Kihelkonna ja K\u00e4rla koguduse \u00f5petaja. \u00d5ppis Tartu \u00dclikooli \u00f5igusteaduskonnas 1933; 1940-1941, T\u00dc usuteaduskonnas 1935-1940; 1943. \u00d5ppis Leningradi Vaimulikus Akadeemias usuteadust alates 1943 \u2013 katkestas \u00f5pingud 1946. Ordineeriti esimesel korral 5. septembril 1932 \u00f5igeusu preestriks, teisel korral 7. detsembril 1949 Tallinna toomkirikus luteri pastoriks. Suri 03.01.1974 P\u00e4rnus, maetud Ilmj\u00e4rve.<\/p>\n<p>28. koguduse \u00f5petaja<span style=\"color: #000080;\"><strong> Toomas Paul 1968-1976 hooldaja\u00f5petaja.<\/strong> <\/span>S\u00fcndis 29.10.1939 Tartus. 1960\u20131964 \u00f5ppis ta EELK Usuteaduste Instituudis. Saarte praost 1974-1986. Usuteaduste professor 1986-1996. 1994 Durhami \u00fclikool audoktor. Praegu Tallinna Jaani koguduse korraline k\u00fclalis\u00f5petaja. Teenistusk\u00e4ik: Ridala jutl 1960\u20131961. Ridala \u00f5p 1961\u20131968, Lihula h-\u00f5p 1963\u20131968, Martna h-\u00f5p 1965\u20131968, Valjala \u00f5p 1968\u20131986, Mustjala h-\u00f5p 1968\u20131976, P\u00fcha h-\u00f5p 1968\u20131981, Karja h-\u00f5p 1976\u20131986, Saaremaa Jaani h-\u00f5p 1981\u20131986, Tallinna Jaani \u00f5p 1986\u20132004, Saarte pr kt 1974\u20131975, pr 1975\u20131986, Kirikukogu liige 1978, 1981, 1985, 1987, 1990. UT prof 1986\u20131992. Lauluraamatukomisjoni liige 1976\u20131982, piiblit\u00f5lkekomisjoni liige 1981\u20131988.<\/p>\n<p>29. koguduse \u00f5petaja <span style=\"color: #000080;\"><strong>Friedrisch Jalak 1976-1980.<\/strong><\/span><\/p>\n<p>30. koguduse \u00f5petaja <span style=\"color: #000080;\"><strong>Elmar August Reinsoo 1980-1981.<\/strong><\/span> S\u00fcndis 05.05.1930 Harjumaal , Nissi vallas, Tabara k\u00fclas. \u00d5ppis 1968-1971 Usuteaduste Instituudis. Lisaks on ta erinevatel ajavahemikel hooldanud Mustjala, Saaremaa Jaani, Ansek\u00fcla ja J\u00e4maja kogudust. Aastail 1986\u20132001 Saarte praostkonna praost. Suri 12.12.2013, maetud Kihelkonna kalmistule.<\/p>\n<p>31. koguduse \u00f5petaja <span style=\"color: #000080;\"><strong>J\u00fcri Vallsalu 1981-1985<\/strong><\/span>. S\u00fcndis 15.07.1957 \u00c4\u00e4sm\u00e4el. 1979.a. veebruarist alustas \u00f5pinguid Usuteaduse Instituudis. Ordinatsioon toimus 10. juunil 1981.a. Esimesteks kogudusteks said EELK Mustjala, P\u00fcha ja Muhu kogudused. Alates 1993.a. maist EELK L\u00e4\u00e4ne-Harju praostkonna praost.<\/p>\n<p><span style=\"color: #000080;\"><em><strong>1987 Perestroika aeg, 1987 Fosforiidis\u00f5da, Laulev Revolutsioon 1987-1991.a, 1989 Balti kett.<\/strong><\/em><\/span><\/p>\n<p>32. koguduse \u00f5petaja <span style=\"color: #000080;\"><strong>Mart Salum\u00e4e 1985-1991.<\/strong><\/span> S\u00fcndis 13.03.1963 Tallinnas. 1981-1985 \u00f5ppis Usuteaduse Instituudis. Esimesed kogudused peale \u00f5pinguid P\u00fcha, Mustjala ja Muhu kogudused. 2023. P\u00f5hja-Ameerika praost 2016\u20132023.<\/p>\n<p><span style=\"color: #000080;\"><em><strong>1991 Eesti taasiseseisvumine.<\/strong><\/em><\/span><\/p>\n<p>33. koguduse \u00f5petaja <span style=\"color: #000080;\"><strong>Anti Toplaan 1991 \u2013 1993.<\/strong> <\/span>s\u00fcndinud 25.07.1968 Tallinnas. \u00d5ppis Usuteaduste Instituut UI 1989\u20131997 (dipl). Teenistusk\u00e4ik: Mustjala diak 1992\u20131993, P\u00fcha \u00f5petaja 1992\u20131998 ja hooldus\u00f5petaja alates 1998, Kuressaare abi\u00f5petaja 1993\u20131997, \u00f5p kt 1997\u20131998 ja \u00f5p al 1998, Ruhnu h-\u00f5p 2016\u20132022. Saarte abipraost 2001-2015, Saarte praost alates 2015. EELK piiskop alates 2024.aastast.<\/p>\n<p>34. koguduse \u00f5petaja <span style=\"color: #000080;\"><strong>Urmo Saks diakon 1993 &#8211; 2002.<\/strong><\/span> S\u00fcndis 11.11.1969 P\u00e4rnus. Teenistusk\u00e4ik: Mustjala diakon 1994\u20132002, Saarte vikaar-diakon 2002\u20132007, Muhu \u00f5p ja P\u00f6ide hooldus\u00f5petaja 2007\u20132010, Orissaare abi\u00f5petaja 2008\u20132010.<\/p>\n<p>35. koguduse \u00f5petaja <span style=\"color: #000080;\"><strong>Rene Reinsoo 2001<\/strong><\/span>. <em><span style=\"color: #000080;\">S\u00fcndinud 02.05.1968 Tallinnas. \u00d5ppis Usuteaduste Instituut 1991\u20131999. Kihelkonna Mihkli koguduse \u00f5petaja, Saarte praostkonna abipraost. Teenistusk\u00e4ik: Kihelkonna ja K\u00e4rla diakon 1993\u20132000, Mustjala diakon 1993\u20131994, Saarte vik-\u00f5p 2000\u20132001, Kihelkonna \u00f5p ning K\u00e4rla ja Mustjala h-\u00f5p al 2001. Kirikukogu liige 2005\u20132009, al 2015. Saarte abipraost 2015- .<\/span><\/em><\/p>\n<p>&nbsp;<\/p>\n<p>&nbsp;<\/p>\n","protected":false},"excerpt":{"rendered":"<p>20. sajandi t\u00e4htsamad s\u00fcndmused ja Mustjala koguduse \u00f5petajad. 1903 valmis G. Terkmanni ehitatud Mustjala Anna kiriku orel. 1. maailmas\u00f5ja algus 1914, mobilisatsioonide algus. 1915 Kuressaare pommitamine. 1917 rannakaitsepatareide ehitamine Tagaranna k\u00fclasse. 1917 Saksamaa Keisririigi v\u00e4ed maabuvad Tagalahes ja Pammana poolsaarel. Saksa okupatsiooni kestus kuni 1918 november. 16.\u00a0 koguduse \u00f5petaja\u00a0 August Eberhard 1886 -1927. S\u00fcndis Kullamaal&#8230;<\/p>\n","protected":false},"author":1,"featured_media":0,"parent":0,"menu_order":0,"comment_status":"closed","ping_status":"closed","template":"","meta":{"_kad_post_transparent":"default","_kad_post_title":"default","_kad_post_layout":"default","_kad_post_sidebar_id":"","_kad_post_content_style":"default","_kad_post_vertical_padding":"default","_kad_post_feature":"","_kad_post_feature_position":"","_kad_post_header":false,"_kad_post_footer":false,"footnotes":""},"class_list":["post-1868","page","type-page","status-publish","hentry"],"_links":{"self":[{"href":"https:\/\/mustjalakogudus.ee\/index.php?rest_route=\/wp\/v2\/pages\/1868","targetHints":{"allow":["GET"]}}],"collection":[{"href":"https:\/\/mustjalakogudus.ee\/index.php?rest_route=\/wp\/v2\/pages"}],"about":[{"href":"https:\/\/mustjalakogudus.ee\/index.php?rest_route=\/wp\/v2\/types\/page"}],"author":[{"embeddable":true,"href":"https:\/\/mustjalakogudus.ee\/index.php?rest_route=\/wp\/v2\/users\/1"}],"replies":[{"embeddable":true,"href":"https:\/\/mustjalakogudus.ee\/index.php?rest_route=%2Fwp%2Fv2%2Fcomments&post=1868"}],"version-history":[{"count":8,"href":"https:\/\/mustjalakogudus.ee\/index.php?rest_route=\/wp\/v2\/pages\/1868\/revisions"}],"predecessor-version":[{"id":1921,"href":"https:\/\/mustjalakogudus.ee\/index.php?rest_route=\/wp\/v2\/pages\/1868\/revisions\/1921"}],"wp:attachment":[{"href":"https:\/\/mustjalakogudus.ee\/index.php?rest_route=%2Fwp%2Fv2%2Fmedia&parent=1868"}],"curies":[{"name":"wp","href":"https:\/\/api.w.org\/{rel}","templated":true}]}}