{"id":1853,"date":"2025-01-07T13:46:30","date_gmt":"2025-01-07T13:46:30","guid":{"rendered":"https:\/\/mustjalakogudus.ee\/?page_id=1853"},"modified":"2025-01-14T16:39:05","modified_gmt":"2025-01-14T16:39:05","slug":"pilte-kiriku-remondist","status":"publish","type":"page","link":"https:\/\/mustjalakogudus.ee\/?page_id=1853","title":{"rendered":"Pilte kiriku remondist"},"content":{"rendered":"\t\t<div data-elementor-type=\"wp-page\" data-elementor-id=\"1853\" class=\"elementor elementor-1853\">\n\t\t\t\t\t\t<section class=\"elementor-section elementor-top-section elementor-element elementor-element-24399cc elementor-section-boxed elementor-section-height-default elementor-section-height-default\" data-id=\"24399cc\" data-element_type=\"section\">\n\t\t\t\t\t\t<div class=\"elementor-container elementor-column-gap-default\">\n\t\t\t\t\t<div class=\"elementor-column elementor-col-100 elementor-top-column elementor-element elementor-element-658ee93\" data-id=\"658ee93\" data-element_type=\"column\">\n\t\t\t<div class=\"elementor-widget-wrap elementor-element-populated\">\n\t\t\t\t\t\t<div class=\"elementor-element elementor-element-9a91ee0 elementor-widget elementor-widget-text-editor\" data-id=\"9a91ee0\" data-element_type=\"widget\" data-widget_type=\"text-editor.default\">\n\t\t\t\t<div class=\"elementor-widget-container\">\n\t\t\t\t\t\t\t\t\t<p>\u00a0<\/p><h6>Meie kiriku remondiga seoses on viimastel aastatel tehtud p\u00f5hiliselt kolm suurt t\u00f6\u00f6d. Katuse remont 2023. aastal, kaks suurt akent 2022. aastal ja neli altari tagust v\u00e4ikest akent 2024.aastal.<\/h6><h6>Katuse remont 2023.aastal oli nii t\u00e4htis, r\u00f5\u00f5mustav ja ka edukas, et Saaremaa vald tunnustas meie kogust ja koguduse juhatuse esimeest Helje Raaperti AASTA TEGU 2023 tunnustusega.<\/h6>\t\t\t\t\t\t\t\t<\/div>\n\t\t\t\t<\/div>\n\t\t\t\t\t<\/div>\n\t\t<\/div>\n\t\t\t\t\t<\/div>\n\t\t<\/section>\n\t\t\t\t<section class=\"elementor-section elementor-top-section elementor-element elementor-element-fff459a elementor-section-boxed elementor-section-height-default elementor-section-height-default\" data-id=\"fff459a\" data-element_type=\"section\">\n\t\t\t\t\t\t<div class=\"elementor-container elementor-column-gap-default\">\n\t\t\t\t\t<div class=\"elementor-column elementor-col-50 elementor-top-column elementor-element elementor-element-5cd3a1b\" data-id=\"5cd3a1b\" data-element_type=\"column\">\n\t\t\t<div class=\"elementor-widget-wrap elementor-element-populated\">\n\t\t\t\t\t\t<div class=\"elementor-element elementor-element-52f75fc elementor-widget__width-initial elementor-widget elementor-widget-image-gallery\" data-id=\"52f75fc\" data-element_type=\"widget\" data-widget_type=\"image-gallery.default\">\n\t\t\t\t<div class=\"elementor-widget-container\">\n\t\t\t\t\t\t\t<div class=\"elementor-image-gallery\">\n\t\t\t<div id='gallery-1' class='gallery galleryid-1853 gallery-columns-2 gallery-size-medium_large'><figure class='gallery-item'>\n\t\t\t<div class='gallery-icon portrait'>\n\t\t\t\t<a data-elementor-open-lightbox=\"yes\" data-elementor-lightbox-slideshow=\"52f75fc\" data-elementor-lightbox-title=\"3.m\u00e4rts 2023 Arens Ehitust\u00f6\u00f6d O\u00dc\" data-e-action-hash=\"#elementor-action%3Aaction%3Dlightbox%26settings%3DeyJpZCI6MTg4OCwidXJsIjoiaHR0cHM6XC9cL211c3RqYWxha29ndWR1cy5lZVwvd3AtY29udGVudFwvdXBsb2Fkc1wvMjAyNVwvMDFcLzMubWFydHMtMjAyMy1BcmVucy1FaGl0dXN0b29kLU9VLmpwZyIsInNsaWRlc2hvdyI6IjUyZjc1ZmMifQ%3D%3D\" href='https:\/\/mustjalakogudus.ee\/wp-content\/uploads\/2025\/01\/3.marts-2023-Arens-Ehitustood-OU.jpg'><img fetchpriority=\"high\" decoding=\"async\" width=\"768\" height=\"1024\" src=\"https:\/\/mustjalakogudus.ee\/wp-content\/uploads\/2025\/01\/3.marts-2023-Arens-Ehitustood-OU-768x1024.jpg\" class=\"attachment-medium_large size-medium_large\" alt=\"L\u00e4htekoht katuse remondiks\" aria-describedby=\"gallery-1-1888\" srcset=\"https:\/\/mustjalakogudus.ee\/wp-content\/uploads\/2025\/01\/3.marts-2023-Arens-Ehitustood-OU-768x1024.jpg 768w, https:\/\/mustjalakogudus.ee\/wp-content\/uploads\/2025\/01\/3.marts-2023-Arens-Ehitustood-OU-225x300.jpg 225w, https:\/\/mustjalakogudus.ee\/wp-content\/uploads\/2025\/01\/3.marts-2023-Arens-Ehitustood-OU-1152x1536.jpg 1152w, https:\/\/mustjalakogudus.ee\/wp-content\/uploads\/2025\/01\/3.marts-2023-Arens-Ehitustood-OU.jpg 1536w\" sizes=\"(max-width: 768px) 100vw, 768px\" \/><\/a>\n\t\t\t<\/div>\n\t\t\t\t<figcaption class='wp-caption-text gallery-caption' id='gallery-1-1888'>\n\t\t\t\tArens Ehitust\u00f6\u00f6d O\u00dc alustab m\u00e4rtsis 2023\n\t\t\t\t<\/figcaption><\/figure><figure class='gallery-item'>\n\t\t\t<div class='gallery-icon landscape'>\n\t\t\t\t<a data-elementor-open-lightbox=\"yes\" data-elementor-lightbox-slideshow=\"52f75fc\" data-elementor-lightbox-title=\"Katuse remont algas 1.m\u00e4rts 2023\" data-e-action-hash=\"#elementor-action%3Aaction%3Dlightbox%26settings%3DeyJpZCI6MTUzMywidXJsIjoiaHR0cHM6XC9cL211c3RqYWxha29ndWR1cy5lZVwvd3AtY29udGVudFwvdXBsb2Fkc1wvMjAyMlwvMTBcL0thdHVzZS1yZW1vbnQtYWxnYXMtMS5tYXJ0cy0yMDIzLXNjYWxlZC5qcGciLCJzbGlkZXNob3ciOiI1MmY3NWZjIn0%3D\" href='https:\/\/mustjalakogudus.ee\/wp-content\/uploads\/2022\/10\/Katuse-remont-algas-1.marts-2023-scaled.jpg'><img decoding=\"async\" width=\"768\" height=\"543\" src=\"https:\/\/mustjalakogudus.ee\/wp-content\/uploads\/2022\/10\/Katuse-remont-algas-1.marts-2023-768x543.jpg\" class=\"attachment-medium_large size-medium_large\" alt=\"Katuse remondi algus\" aria-describedby=\"gallery-1-1533\" srcset=\"https:\/\/mustjalakogudus.ee\/wp-content\/uploads\/2022\/10\/Katuse-remont-algas-1.marts-2023-768x543.jpg 768w, https:\/\/mustjalakogudus.ee\/wp-content\/uploads\/2022\/10\/Katuse-remont-algas-1.marts-2023-300x212.jpg 300w, https:\/\/mustjalakogudus.ee\/wp-content\/uploads\/2022\/10\/Katuse-remont-algas-1.marts-2023-1024x724.jpg 1024w, https:\/\/mustjalakogudus.ee\/wp-content\/uploads\/2022\/10\/Katuse-remont-algas-1.marts-2023-1536x1086.jpg 1536w, https:\/\/mustjalakogudus.ee\/wp-content\/uploads\/2022\/10\/Katuse-remont-algas-1.marts-2023-2048x1448.jpg 2048w, https:\/\/mustjalakogudus.ee\/wp-content\/uploads\/2022\/10\/Katuse-remont-algas-1.marts-2023-500x353.jpg 500w, https:\/\/mustjalakogudus.ee\/wp-content\/uploads\/2022\/10\/Katuse-remont-algas-1.marts-2023-800x566.jpg 800w, https:\/\/mustjalakogudus.ee\/wp-content\/uploads\/2022\/10\/Katuse-remont-algas-1.marts-2023-1280x905.jpg 1280w, https:\/\/mustjalakogudus.ee\/wp-content\/uploads\/2022\/10\/Katuse-remont-algas-1.marts-2023-1920x1357.jpg 1920w\" sizes=\"(max-width: 768px) 100vw, 768px\" \/><\/a>\n\t\t\t<\/div>\n\t\t\t\t<figcaption class='wp-caption-text gallery-caption' id='gallery-1-1533'>\n\t\t\t\tKiriku katuse remondi algus\n\t\t\t\t<\/figcaption><\/figure><figure class='gallery-item'>\n\t\t\t<div class='gallery-icon portrait'>\n\t\t\t\t<a data-elementor-open-lightbox=\"yes\" data-elementor-lightbox-slideshow=\"52f75fc\" data-elementor-lightbox-title=\"IMG_20230718_113121\" data-e-action-hash=\"#elementor-action%3Aaction%3Dlightbox%26settings%3DeyJpZCI6MTg1OCwidXJsIjoiaHR0cHM6XC9cL211c3RqYWxha29ndWR1cy5lZVwvd3AtY29udGVudFwvdXBsb2Fkc1wvMjAyNFwvMTJcL0lNR18yMDIzMDcxOF8xMTMxMjEtc2NhbGVkLmpwZyIsInNsaWRlc2hvdyI6IjUyZjc1ZmMifQ%3D%3D\" href='https:\/\/mustjalakogudus.ee\/wp-content\/uploads\/2024\/12\/IMG_20230718_113121-scaled.jpg'><img decoding=\"async\" width=\"768\" height=\"1027\" src=\"https:\/\/mustjalakogudus.ee\/wp-content\/uploads\/2024\/12\/IMG_20230718_113121-768x1027.jpg\" class=\"attachment-medium_large size-medium_large\" alt=\"L\u00f5put\u00f6\u00f6d t\u00f6\u00f6d v\u00e4ikese p\u00f5hja sissek\u00e4igul\" srcset=\"https:\/\/mustjalakogudus.ee\/wp-content\/uploads\/2024\/12\/IMG_20230718_113121-768x1027.jpg 768w, https:\/\/mustjalakogudus.ee\/wp-content\/uploads\/2024\/12\/IMG_20230718_113121-224x300.jpg 224w, https:\/\/mustjalakogudus.ee\/wp-content\/uploads\/2024\/12\/IMG_20230718_113121-766x1024.jpg 766w, https:\/\/mustjalakogudus.ee\/wp-content\/uploads\/2024\/12\/IMG_20230718_113121-1149x1536.jpg 1149w, https:\/\/mustjalakogudus.ee\/wp-content\/uploads\/2024\/12\/IMG_20230718_113121-1532x2048.jpg 1532w, https:\/\/mustjalakogudus.ee\/wp-content\/uploads\/2024\/12\/IMG_20230718_113121-scaled.jpg 1915w\" sizes=\"(max-width: 768px) 100vw, 768px\" \/><\/a>\n\t\t\t<\/div><\/figure><figure class='gallery-item'>\n\t\t\t<div class='gallery-icon portrait'>\n\t\t\t\t<a data-elementor-open-lightbox=\"yes\" data-elementor-lightbox-slideshow=\"52f75fc\" data-elementor-lightbox-title=\"Katuse remont 7.aprill 2023\" data-e-action-hash=\"#elementor-action%3Aaction%3Dlightbox%26settings%3DeyJpZCI6MTkwOSwidXJsIjoiaHR0cHM6XC9cL211c3RqYWxha29ndWR1cy5lZVwvd3AtY29udGVudFwvdXBsb2Fkc1wvMjAyNVwvMDFcL0thdHVzZS1yZW1vbnQtNy5hcHJpbGwtMjAyMy1zY2FsZWQuanBnIiwic2xpZGVzaG93IjoiNTJmNzVmYyJ9\" href='https:\/\/mustjalakogudus.ee\/wp-content\/uploads\/2025\/01\/Katuse-remont-7.aprill-2023-scaled.jpg'><img loading=\"lazy\" decoding=\"async\" width=\"768\" height=\"1024\" src=\"https:\/\/mustjalakogudus.ee\/wp-content\/uploads\/2025\/01\/Katuse-remont-7.aprill-2023-768x1024.jpg\" class=\"attachment-medium_large size-medium_large\" alt=\"Aprill\" srcset=\"https:\/\/mustjalakogudus.ee\/wp-content\/uploads\/2025\/01\/Katuse-remont-7.aprill-2023-768x1024.jpg 768w, https:\/\/mustjalakogudus.ee\/wp-content\/uploads\/2025\/01\/Katuse-remont-7.aprill-2023-225x300.jpg 225w, https:\/\/mustjalakogudus.ee\/wp-content\/uploads\/2025\/01\/Katuse-remont-7.aprill-2023-1152x1536.jpg 1152w, https:\/\/mustjalakogudus.ee\/wp-content\/uploads\/2025\/01\/Katuse-remont-7.aprill-2023-1536x2048.jpg 1536w, https:\/\/mustjalakogudus.ee\/wp-content\/uploads\/2025\/01\/Katuse-remont-7.aprill-2023-scaled.jpg 1920w\" sizes=\"(max-width: 768px) 100vw, 768px\" \/><\/a>\n\t\t\t<\/div><\/figure><figure class='gallery-item'>\n\t\t\t<div class='gallery-icon portrait'>\n\t\t\t\t<a data-elementor-open-lightbox=\"yes\" data-elementor-lightbox-slideshow=\"52f75fc\" data-elementor-lightbox-title=\"Katuse remont 7.aprill 2023\" data-e-action-hash=\"#elementor-action%3Aaction%3Dlightbox%26settings%3DeyJpZCI6MTkwNSwidXJsIjoiaHR0cHM6XC9cL211c3RqYWxha29ndWR1cy5lZVwvd3AtY29udGVudFwvdXBsb2Fkc1wvMjAyNVwvMDFcL0lNR18yMDIzMDgwMl8yMDIwNDgtc2NhbGVkLmpwZyIsInNsaWRlc2hvdyI6IjUyZjc1ZmMifQ%3D%3D\" href='https:\/\/mustjalakogudus.ee\/wp-content\/uploads\/2025\/01\/IMG_20230802_202048-scaled.jpg'><img loading=\"lazy\" decoding=\"async\" width=\"768\" height=\"1027\" src=\"https:\/\/mustjalakogudus.ee\/wp-content\/uploads\/2025\/01\/IMG_20230802_202048-768x1027.jpg\" class=\"attachment-medium_large size-medium_large\" alt=\"Algus\" srcset=\"https:\/\/mustjalakogudus.ee\/wp-content\/uploads\/2025\/01\/IMG_20230802_202048-768x1027.jpg 768w, https:\/\/mustjalakogudus.ee\/wp-content\/uploads\/2025\/01\/IMG_20230802_202048-224x300.jpg 224w, https:\/\/mustjalakogudus.ee\/wp-content\/uploads\/2025\/01\/IMG_20230802_202048-766x1024.jpg 766w, https:\/\/mustjalakogudus.ee\/wp-content\/uploads\/2025\/01\/IMG_20230802_202048-1149x1536.jpg 1149w, https:\/\/mustjalakogudus.ee\/wp-content\/uploads\/2025\/01\/IMG_20230802_202048-1532x2048.jpg 1532w, https:\/\/mustjalakogudus.ee\/wp-content\/uploads\/2025\/01\/IMG_20230802_202048-scaled.jpg 1915w\" sizes=\"(max-width: 768px) 100vw, 768px\" \/><\/a>\n\t\t\t<\/div><\/figure><figure class='gallery-item'>\n\t\t\t<div class='gallery-icon landscape'>\n\t\t\t\t<a data-elementor-open-lightbox=\"yes\" data-elementor-lightbox-slideshow=\"52f75fc\" data-elementor-lightbox-title=\"M\u00e4rts 2023 katus\" data-e-action-hash=\"#elementor-action%3Aaction%3Dlightbox%26settings%3DeyJpZCI6MTkwOCwidXJsIjoiaHR0cHM6XC9cL211c3RqYWxha29ndWR1cy5lZVwvd3AtY29udGVudFwvdXBsb2Fkc1wvMjAyNVwvMDFcL01hcnRzLTIwMjMta2F0dXMucG5nIiwic2xpZGVzaG93IjoiNTJmNzVmYyJ9\" href='https:\/\/mustjalakogudus.ee\/wp-content\/uploads\/2025\/01\/Marts-2023-katus.png'><img loading=\"lazy\" decoding=\"async\" width=\"768\" height=\"389\" src=\"https:\/\/mustjalakogudus.ee\/wp-content\/uploads\/2025\/01\/Marts-2023-katus-768x389.png\" class=\"attachment-medium_large size-medium_large\" alt=\"Seis katuse parandamise algul\" srcset=\"https:\/\/mustjalakogudus.ee\/wp-content\/uploads\/2025\/01\/Marts-2023-katus-768x389.png 768w, https:\/\/mustjalakogudus.ee\/wp-content\/uploads\/2025\/01\/Marts-2023-katus-300x152.png 300w, https:\/\/mustjalakogudus.ee\/wp-content\/uploads\/2025\/01\/Marts-2023-katus-1024x518.png 1024w, https:\/\/mustjalakogudus.ee\/wp-content\/uploads\/2025\/01\/Marts-2023-katus.png 1279w\" sizes=\"(max-width: 768px) 100vw, 768px\" \/><\/a>\n\t\t\t<\/div><\/figure><figure class='gallery-item'>\n\t\t\t<div class='gallery-icon landscape'>\n\t\t\t\t<a data-elementor-open-lightbox=\"yes\" data-elementor-lightbox-slideshow=\"52f75fc\" data-elementor-lightbox-title=\"kevad\" data-e-action-hash=\"#elementor-action%3Aaction%3Dlightbox%26settings%3DeyJpZCI6MTg4OSwidXJsIjoiaHR0cHM6XC9cL211c3RqYWxha29ndWR1cy5lZVwvd3AtY29udGVudFwvdXBsb2Fkc1wvMjAyNVwvMDFcLzIwMjMxMDEzXzA5MzUxNi0xLXNjYWxlZC5qcGciLCJzbGlkZXNob3ciOiI1MmY3NWZjIn0%3D\" href='https:\/\/mustjalakogudus.ee\/wp-content\/uploads\/2025\/01\/20231013_093516-1-scaled.jpg'><img loading=\"lazy\" decoding=\"async\" width=\"768\" height=\"576\" src=\"https:\/\/mustjalakogudus.ee\/wp-content\/uploads\/2025\/01\/20231013_093516-1-768x576.jpg\" class=\"attachment-medium_large size-medium_large\" alt=\"2023 aasta tunnustus\" srcset=\"https:\/\/mustjalakogudus.ee\/wp-content\/uploads\/2025\/01\/20231013_093516-1-768x576.jpg 768w, https:\/\/mustjalakogudus.ee\/wp-content\/uploads\/2025\/01\/20231013_093516-1-300x225.jpg 300w, https:\/\/mustjalakogudus.ee\/wp-content\/uploads\/2025\/01\/20231013_093516-1-1024x768.jpg 1024w, https:\/\/mustjalakogudus.ee\/wp-content\/uploads\/2025\/01\/20231013_093516-1-1536x1152.jpg 1536w, https:\/\/mustjalakogudus.ee\/wp-content\/uploads\/2025\/01\/20231013_093516-1-2048x1536.jpg 2048w\" sizes=\"(max-width: 768px) 100vw, 768px\" \/><\/a>\n\t\t\t<\/div><\/figure><figure class='gallery-item'>\n\t\t\t<div class='gallery-icon landscape'>\n\t\t\t\t<a data-elementor-open-lightbox=\"yes\" data-elementor-lightbox-slideshow=\"52f75fc\" data-elementor-lightbox-title=\"462535846_514832738129603_1257900852173063686_n\" data-e-action-hash=\"#elementor-action%3Aaction%3Dlightbox%26settings%3DeyJpZCI6MTg1NiwidXJsIjoiaHR0cHM6XC9cL211c3RqYWxha29ndWR1cy5lZVwvd3AtY29udGVudFwvdXBsb2Fkc1wvMjAyNFwvMTJcLzQ2MjUzNTg0Nl81MTQ4MzI3MzgxMjk2MDNfMTI1NzkwMDg1MjE3MzA2MzY4Nl9uLmpwZyIsInNsaWRlc2hvdyI6IjUyZjc1ZmMifQ%3D%3D\" href='https:\/\/mustjalakogudus.ee\/wp-content\/uploads\/2024\/12\/462535846_514832738129603_1257900852173063686_n.jpg'><img loading=\"lazy\" decoding=\"async\" width=\"768\" height=\"603\" src=\"https:\/\/mustjalakogudus.ee\/wp-content\/uploads\/2024\/12\/462535846_514832738129603_1257900852173063686_n-768x603.jpg\" class=\"attachment-medium_large size-medium_large\" alt=\"katus\" aria-describedby=\"gallery-1-1856\" srcset=\"https:\/\/mustjalakogudus.ee\/wp-content\/uploads\/2024\/12\/462535846_514832738129603_1257900852173063686_n-768x603.jpg 768w, https:\/\/mustjalakogudus.ee\/wp-content\/uploads\/2024\/12\/462535846_514832738129603_1257900852173063686_n-300x236.jpg 300w, https:\/\/mustjalakogudus.ee\/wp-content\/uploads\/2024\/12\/462535846_514832738129603_1257900852173063686_n-1024x805.jpg 1024w, https:\/\/mustjalakogudus.ee\/wp-content\/uploads\/2024\/12\/462535846_514832738129603_1257900852173063686_n-1536x1207.jpg 1536w, https:\/\/mustjalakogudus.ee\/wp-content\/uploads\/2024\/12\/462535846_514832738129603_1257900852173063686_n.jpg 2048w\" sizes=\"(max-width: 768px) 100vw, 768px\" \/><\/a>\n\t\t\t<\/div>\n\t\t\t\t<figcaption class='wp-caption-text gallery-caption' id='gallery-1-1856'>\n\t\t\t\tKaunis s\u00fcgis\n\t\t\t\t<\/figcaption><\/figure><figure class='gallery-item'>\n\t\t\t<div class='gallery-icon landscape'>\n\t\t\t\t<a data-elementor-open-lightbox=\"yes\" data-elementor-lightbox-slideshow=\"52f75fc\" data-elementor-lightbox-title=\"Kirikutervitus juuni 2023 katuse\" data-e-action-hash=\"#elementor-action%3Aaction%3Dlightbox%26settings%3DeyJpZCI6MTkwNywidXJsIjoiaHR0cHM6XC9cL211c3RqYWxha29ndWR1cy5lZVwvd3AtY29udGVudFwvdXBsb2Fkc1wvMjAyNVwvMDFcL0tpcmlrdXRlcnZpdHVzLWp1dW5pLTIwMjMta2F0dXNlLS5wbmciLCJzbGlkZXNob3ciOiI1MmY3NWZjIn0%3D\" href='https:\/\/mustjalakogudus.ee\/wp-content\/uploads\/2025\/01\/Kirikutervitus-juuni-2023-katuse-.png'><img loading=\"lazy\" decoding=\"async\" width=\"646\" height=\"583\" src=\"https:\/\/mustjalakogudus.ee\/wp-content\/uploads\/2025\/01\/Kirikutervitus-juuni-2023-katuse-.png\" class=\"attachment-medium_large size-medium_large\" alt=\"Algus\" srcset=\"https:\/\/mustjalakogudus.ee\/wp-content\/uploads\/2025\/01\/Kirikutervitus-juuni-2023-katuse-.png 646w, https:\/\/mustjalakogudus.ee\/wp-content\/uploads\/2025\/01\/Kirikutervitus-juuni-2023-katuse--300x271.png 300w\" sizes=\"(max-width: 646px) 100vw, 646px\" \/><\/a>\n\t\t\t<\/div><\/figure><figure class='gallery-item'>\n\t\t\t<div class='gallery-icon landscape'>\n\t\t\t\t<a data-elementor-open-lightbox=\"yes\" data-elementor-lightbox-slideshow=\"52f75fc\" data-elementor-lightbox-title=\"Margus Muld m\u00e4rts 2024 mustjala teatajas\" data-e-action-hash=\"#elementor-action%3Aaction%3Dlightbox%26settings%3DeyJpZCI6MTkwNiwidXJsIjoiaHR0cHM6XC9cL211c3RqYWxha29ndWR1cy5lZVwvd3AtY29udGVudFwvdXBsb2Fkc1wvMjAyNVwvMDFcL01hcmd1cy1NdWxkLW1hcnRzLTIwMjQtbXVzdGphbGEtdGVhdGFqYXMucG5nIiwic2xpZGVzaG93IjoiNTJmNzVmYyJ9\" href='https:\/\/mustjalakogudus.ee\/wp-content\/uploads\/2025\/01\/Margus-Muld-marts-2024-mustjala-teatajas.png'><img loading=\"lazy\" decoding=\"async\" width=\"768\" height=\"420\" src=\"https:\/\/mustjalakogudus.ee\/wp-content\/uploads\/2025\/01\/Margus-Muld-marts-2024-mustjala-teatajas-768x420.png\" class=\"attachment-medium_large size-medium_large\" alt=\"Valmis\" srcset=\"https:\/\/mustjalakogudus.ee\/wp-content\/uploads\/2025\/01\/Margus-Muld-marts-2024-mustjala-teatajas-768x420.png 768w, https:\/\/mustjalakogudus.ee\/wp-content\/uploads\/2025\/01\/Margus-Muld-marts-2024-mustjala-teatajas-300x164.png 300w, https:\/\/mustjalakogudus.ee\/wp-content\/uploads\/2025\/01\/Margus-Muld-marts-2024-mustjala-teatajas-1024x560.png 1024w, https:\/\/mustjalakogudus.ee\/wp-content\/uploads\/2025\/01\/Margus-Muld-marts-2024-mustjala-teatajas.png 1407w\" sizes=\"(max-width: 768px) 100vw, 768px\" \/><\/a>\n\t\t\t<\/div><\/figure>\n\t\t<\/div>\n\t\t<\/div>\n\t\t\t\t\t\t<\/div>\n\t\t\t\t<\/div>\n\t\t\t\t\t<\/div>\n\t\t<\/div>\n\t\t\t\t<div class=\"elementor-column elementor-col-50 elementor-top-column elementor-element elementor-element-ea58c4a\" data-id=\"ea58c4a\" data-element_type=\"column\">\n\t\t\t<div class=\"elementor-widget-wrap\">\n\t\t\t\t\t\t\t<\/div>\n\t\t<\/div>\n\t\t\t\t\t<\/div>\n\t\t<\/section>\n\t\t\t\t<section class=\"elementor-section elementor-top-section elementor-element elementor-element-cd40698 elementor-section-boxed elementor-section-height-default elementor-section-height-default\" data-id=\"cd40698\" data-element_type=\"section\">\n\t\t\t\t\t\t<div class=\"elementor-container elementor-column-gap-default\">\n\t\t\t\t\t<div class=\"elementor-column elementor-col-50 elementor-top-column elementor-element elementor-element-161313f\" data-id=\"161313f\" data-element_type=\"column\">\n\t\t\t<div class=\"elementor-widget-wrap elementor-element-populated\">\n\t\t\t\t\t\t<div class=\"elementor-element elementor-element-0dd4751 elementor-widget elementor-widget-image\" data-id=\"0dd4751\" data-element_type=\"widget\" data-widget_type=\"image.default\">\n\t\t\t\t<div class=\"elementor-widget-container\">\n\t\t\t\t\t\t\t\t\t\t\t\t\t\t\t<img loading=\"lazy\" decoding=\"async\" width=\"768\" height=\"1024\" src=\"https:\/\/mustjalakogudus.ee\/wp-content\/uploads\/2025\/01\/Aknad-768x1024.jpg\" class=\"attachment-medium_large size-medium_large wp-image-1998\" alt=\"\" srcset=\"https:\/\/mustjalakogudus.ee\/wp-content\/uploads\/2025\/01\/Aknad-768x1024.jpg 768w, https:\/\/mustjalakogudus.ee\/wp-content\/uploads\/2025\/01\/Aknad-225x300.jpg 225w, https:\/\/mustjalakogudus.ee\/wp-content\/uploads\/2025\/01\/Aknad-1152x1536.jpg 1152w, https:\/\/mustjalakogudus.ee\/wp-content\/uploads\/2025\/01\/Aknad-1536x2048.jpg 1536w, https:\/\/mustjalakogudus.ee\/wp-content\/uploads\/2025\/01\/Aknad-scaled.jpg 1920w\" sizes=\"(max-width: 768px) 100vw, 768px\" \/>\t\t\t\t\t\t\t\t\t\t\t\t\t\t\t<\/div>\n\t\t\t\t<\/div>\n\t\t\t\t\t<\/div>\n\t\t<\/div>\n\t\t\t\t<div class=\"elementor-column elementor-col-50 elementor-top-column elementor-element elementor-element-75f35e8\" data-id=\"75f35e8\" data-element_type=\"column\">\n\t\t\t<div class=\"elementor-widget-wrap elementor-element-populated\">\n\t\t\t\t\t\t<div class=\"elementor-element elementor-element-ad81cca elementor-widget elementor-widget-image\" data-id=\"ad81cca\" data-element_type=\"widget\" data-widget_type=\"image.default\">\n\t\t\t\t<div class=\"elementor-widget-container\">\n\t\t\t\t\t\t\t\t\t\t\t\t\t\t\t<img loading=\"lazy\" decoding=\"async\" width=\"768\" height=\"576\" src=\"https:\/\/mustjalakogudus.ee\/wp-content\/uploads\/2025\/01\/aknad--768x576.jpg\" class=\"attachment-medium_large size-medium_large wp-image-1997\" alt=\"aknad\" srcset=\"https:\/\/mustjalakogudus.ee\/wp-content\/uploads\/2025\/01\/aknad--768x576.jpg 768w, https:\/\/mustjalakogudus.ee\/wp-content\/uploads\/2025\/01\/aknad--300x225.jpg 300w, https:\/\/mustjalakogudus.ee\/wp-content\/uploads\/2025\/01\/aknad--1024x768.jpg 1024w, https:\/\/mustjalakogudus.ee\/wp-content\/uploads\/2025\/01\/aknad--1536x1152.jpg 1536w, https:\/\/mustjalakogudus.ee\/wp-content\/uploads\/2025\/01\/aknad--2048x1536.jpg 2048w\" sizes=\"(max-width: 768px) 100vw, 768px\" \/>\t\t\t\t\t\t\t\t\t\t\t\t\t\t\t<\/div>\n\t\t\t\t<\/div>\n\t\t\t\t\t<\/div>\n\t\t<\/div>\n\t\t\t\t\t<\/div>\n\t\t<\/section>\n\t\t\t\t<\/div>\n\t\t","protected":false},"excerpt":{"rendered":"<p>\u00a0 Meie kiriku remondiga seoses on viimastel aastatel tehtud p\u00f5hiliselt kolm suurt t\u00f6\u00f6d. Katuse remont 2023. aastal, kaks suurt akent 2022. aastal ja neli altari tagust v\u00e4ikest akent 2024.aastal. Katuse remont 2023.aastal oli nii t\u00e4htis, r\u00f5\u00f5mustav ja ka edukas, et Saaremaa vald tunnustas meie kogust ja koguduse juhatuse esimeest Helje Raaperti AASTA TEGU 2023 tunnustusega&#8230;.<\/p>\n","protected":false},"author":1,"featured_media":0,"parent":0,"menu_order":0,"comment_status":"closed","ping_status":"closed","template":"","meta":{"_kad_post_transparent":"default","_kad_post_title":"hide","_kad_post_layout":"fullwidth","_kad_post_sidebar_id":"","_kad_post_content_style":"unboxed","_kad_post_vertical_padding":"hide","_kad_post_feature":"hide","_kad_post_feature_position":"","_kad_post_header":false,"_kad_post_footer":false,"footnotes":""},"class_list":["post-1853","page","type-page","status-publish","hentry"],"_links":{"self":[{"href":"https:\/\/mustjalakogudus.ee\/index.php?rest_route=\/wp\/v2\/pages\/1853","targetHints":{"allow":["GET"]}}],"collection":[{"href":"https:\/\/mustjalakogudus.ee\/index.php?rest_route=\/wp\/v2\/pages"}],"about":[{"href":"https:\/\/mustjalakogudus.ee\/index.php?rest_route=\/wp\/v2\/types\/page"}],"author":[{"embeddable":true,"href":"https:\/\/mustjalakogudus.ee\/index.php?rest_route=\/wp\/v2\/users\/1"}],"replies":[{"embeddable":true,"href":"https:\/\/mustjalakogudus.ee\/index.php?rest_route=%2Fwp%2Fv2%2Fcomments&post=1853"}],"version-history":[{"count":26,"href":"https:\/\/mustjalakogudus.ee\/index.php?rest_route=\/wp\/v2\/pages\/1853\/revisions"}],"predecessor-version":[{"id":2002,"href":"https:\/\/mustjalakogudus.ee\/index.php?rest_route=\/wp\/v2\/pages\/1853\/revisions\/2002"}],"wp:attachment":[{"href":"https:\/\/mustjalakogudus.ee\/index.php?rest_route=%2Fwp%2Fv2%2Fmedia&parent=1853"}],"curies":[{"name":"wp","href":"https:\/\/api.w.org\/{rel}","templated":true}]}}