{"id":1759,"date":"2024-12-31T12:54:21","date_gmt":"2024-12-31T12:54:21","guid":{"rendered":"https:\/\/mustjalakogudus.ee\/?page_id=1759"},"modified":"2024-12-31T14:28:02","modified_gmt":"2024-12-31T14:28:02","slug":"pilte-kirikust-erinevatel-aegadel-ja-aastaaegadel","status":"publish","type":"page","link":"https:\/\/mustjalakogudus.ee\/?page_id=1759","title":{"rendered":"Pilte kirikust erinevatel aegadel ja aastaaegadel"},"content":{"rendered":"\t\t<div data-elementor-type=\"wp-page\" data-elementor-id=\"1759\" class=\"elementor elementor-1759\">\n\t\t\t\t\t\t<section class=\"elementor-section elementor-top-section elementor-element elementor-element-fdebb2e elementor-section-boxed elementor-section-height-default elementor-section-height-default\" data-id=\"fdebb2e\" data-element_type=\"section\">\n\t\t\t\t\t\t<div class=\"elementor-container elementor-column-gap-default\">\n\t\t\t\t\t<div class=\"elementor-column elementor-col-100 elementor-top-column elementor-element elementor-element-b0a1fc5\" data-id=\"b0a1fc5\" data-element_type=\"column\">\n\t\t\t<div class=\"elementor-widget-wrap elementor-element-populated\">\n\t\t\t\t\t\t<div class=\"elementor-element elementor-element-f946f5a elementor-widget elementor-widget-image-gallery\" data-id=\"f946f5a\" data-element_type=\"widget\" data-widget_type=\"image-gallery.default\">\n\t\t\t\t<div class=\"elementor-widget-container\">\n\t\t\t\t\t\t\t<div class=\"elementor-image-gallery\">\n\t\t\t<div id='gallery-1' class='gallery galleryid-1759 gallery-columns-2 gallery-size-medium_large'><figure class='gallery-item'>\n\t\t\t<div class='gallery-icon landscape'>\n\t\t\t\t<a data-elementor-open-lightbox=\"yes\" data-elementor-lightbox-slideshow=\"f946f5a\" data-elementor-lightbox-title=\"s\u00fcgise kullas\" data-e-action-hash=\"#elementor-action%3Aaction%3Dlightbox%26settings%3DeyJpZCI6MTM4MywidXJsIjoiaHR0cHM6XC9cL211c3RqYWxha29ndWR1cy5lZVwvd3AtY29udGVudFwvdXBsb2Fkc1wvMjAyMlwvMTBcLzMxMDQzMzMwMV8yMDY2NDQyNTE3MTYwNThfODk1NzE3NjI0NTk0NDcxODAxMV9uLWUxNzM1NjUzMjk0NjQ3LmpwZyIsInNsaWRlc2hvdyI6ImY5NDZmNWEifQ%3D%3D\" href='https:\/\/mustjalakogudus.ee\/wp-content\/uploads\/2022\/10\/310433301_206644251716058_8957176245944718011_n-e1735653294647.jpg'><img fetchpriority=\"high\" decoding=\"async\" width=\"768\" height=\"576\" src=\"https:\/\/mustjalakogudus.ee\/wp-content\/uploads\/2022\/10\/310433301_206644251716058_8957176245944718011_n-768x576.jpg\" class=\"attachment-medium_large size-medium_large\" alt=\"S\u00fcgisekullas\" aria-describedby=\"gallery-1-1383\" srcset=\"https:\/\/mustjalakogudus.ee\/wp-content\/uploads\/2022\/10\/310433301_206644251716058_8957176245944718011_n-768x576.jpg 768w, https:\/\/mustjalakogudus.ee\/wp-content\/uploads\/2022\/10\/310433301_206644251716058_8957176245944718011_n-300x225.jpg 300w, https:\/\/mustjalakogudus.ee\/wp-content\/uploads\/2022\/10\/310433301_206644251716058_8957176245944718011_n-1024x768.jpg 1024w, https:\/\/mustjalakogudus.ee\/wp-content\/uploads\/2022\/10\/310433301_206644251716058_8957176245944718011_n-e1735653294647.jpg 1536w, https:\/\/mustjalakogudus.ee\/wp-content\/uploads\/2022\/10\/310433301_206644251716058_8957176245944718011_n-500x375.jpg 500w, https:\/\/mustjalakogudus.ee\/wp-content\/uploads\/2022\/10\/310433301_206644251716058_8957176245944718011_n-800x600.jpg 800w, https:\/\/mustjalakogudus.ee\/wp-content\/uploads\/2022\/10\/310433301_206644251716058_8957176245944718011_n-1280x960.jpg 1280w, https:\/\/mustjalakogudus.ee\/wp-content\/uploads\/2022\/10\/310433301_206644251716058_8957176245944718011_n-1920x1440.jpg 1920w\" sizes=\"(max-width: 768px) 100vw, 768px\" \/><\/a>\n\t\t\t<\/div>\n\t\t\t\t<figcaption class='wp-caption-text gallery-caption' id='gallery-1-1383'>\n\t\t\t\tKirik s\u00fcgisel\n\t\t\t\t<\/figcaption><\/figure><figure class='gallery-item'>\n\t\t\t<div class='gallery-icon portrait'>\n\t\t\t\t<a data-elementor-open-lightbox=\"yes\" data-elementor-lightbox-slideshow=\"f946f5a\" data-elementor-lightbox-title=\"IMG_20240627_221958\" data-e-action-hash=\"#elementor-action%3Aaction%3Dlightbox%26settings%3DeyJpZCI6MTgzMCwidXJsIjoiaHR0cHM6XC9cL211c3RqYWxha29ndWR1cy5lZVwvd3AtY29udGVudFwvdXBsb2Fkc1wvMjAyNFwvMTJcL0lNR18yMDI0MDYyN18yMjE5NTgtc2NhbGVkLmpwZyIsInNsaWRlc2hvdyI6ImY5NDZmNWEifQ%3D%3D\" href='https:\/\/mustjalakogudus.ee\/wp-content\/uploads\/2024\/12\/IMG_20240627_221958-scaled.jpg'><img decoding=\"async\" width=\"768\" height=\"1027\" src=\"https:\/\/mustjalakogudus.ee\/wp-content\/uploads\/2024\/12\/IMG_20240627_221958-768x1027.jpg\" class=\"attachment-medium_large size-medium_large\" alt=\"Kirik uue katusega\" aria-describedby=\"gallery-1-1830\" srcset=\"https:\/\/mustjalakogudus.ee\/wp-content\/uploads\/2024\/12\/IMG_20240627_221958-768x1027.jpg 768w, https:\/\/mustjalakogudus.ee\/wp-content\/uploads\/2024\/12\/IMG_20240627_221958-224x300.jpg 224w, https:\/\/mustjalakogudus.ee\/wp-content\/uploads\/2024\/12\/IMG_20240627_221958-766x1024.jpg 766w, https:\/\/mustjalakogudus.ee\/wp-content\/uploads\/2024\/12\/IMG_20240627_221958-1149x1536.jpg 1149w, https:\/\/mustjalakogudus.ee\/wp-content\/uploads\/2024\/12\/IMG_20240627_221958-1532x2048.jpg 1532w, https:\/\/mustjalakogudus.ee\/wp-content\/uploads\/2024\/12\/IMG_20240627_221958-scaled.jpg 1915w\" sizes=\"(max-width: 768px) 100vw, 768px\" \/><\/a>\n\t\t\t<\/div>\n\t\t\t\t<figcaption class='wp-caption-text gallery-caption' id='gallery-1-1830'>\n\t\t\t\tUue katuse kevad\n\t\t\t\t<\/figcaption><\/figure><figure class='gallery-item'>\n\t\t\t<div class='gallery-icon portrait'>\n\t\t\t\t<a data-elementor-open-lightbox=\"yes\" data-elementor-lightbox-slideshow=\"f946f5a\" data-elementor-lightbox-title=\"Kirik3\" data-e-action-hash=\"#elementor-action%3Aaction%3Dlightbox%26settings%3DeyJpZCI6MTY2NiwidXJsIjoiaHR0cHM6XC9cL211c3RqYWxha29ndWR1cy5lZVwvd3AtY29udGVudFwvdXBsb2Fkc1wvMjAyM1wvMDRcL0tpcmlrMy5qcGciLCJzbGlkZXNob3ciOiJmOTQ2ZjVhIn0%3D\" href='https:\/\/mustjalakogudus.ee\/wp-content\/uploads\/2023\/04\/Kirik3.jpg'><img decoding=\"async\" width=\"248\" height=\"369\" src=\"https:\/\/mustjalakogudus.ee\/wp-content\/uploads\/2023\/04\/Kirik3.jpg\" class=\"attachment-medium_large size-medium_large\" alt=\"\" aria-describedby=\"gallery-1-1666\" srcset=\"https:\/\/mustjalakogudus.ee\/wp-content\/uploads\/2023\/04\/Kirik3.jpg 248w, https:\/\/mustjalakogudus.ee\/wp-content\/uploads\/2023\/04\/Kirik3-202x300.jpg 202w\" sizes=\"(max-width: 248px) 100vw, 248px\" \/><\/a>\n\t\t\t<\/div>\n\t\t\t\t<figcaption class='wp-caption-text gallery-caption' id='gallery-1-1666'>\n\t\t\t\t\u00dcks vana pilt kirikust\n\t\t\t\t<\/figcaption><\/figure><figure class='gallery-item'>\n\t\t\t<div class='gallery-icon portrait'>\n\t\t\t\t<a data-elementor-open-lightbox=\"yes\" data-elementor-lightbox-slideshow=\"f946f5a\" data-elementor-lightbox-title=\"p\u00e4iksepaistes j\u00f5ulukirik\" data-e-action-hash=\"#elementor-action%3Aaction%3Dlightbox%26settings%3DeyJpZCI6MTY2NywidXJsIjoiaHR0cHM6XC9cL211c3RqYWxha29ndWR1cy5lZVwvd3AtY29udGVudFwvdXBsb2Fkc1wvMjAyM1wvMDRcL3BhaWtzZXBhaXN0ZXMtam91bHVraXJpay0xLXNjYWxlZC5qcGciLCJzbGlkZXNob3ciOiJmOTQ2ZjVhIn0%3D\" href='https:\/\/mustjalakogudus.ee\/wp-content\/uploads\/2023\/04\/paiksepaistes-joulukirik-1-scaled.jpg'><img loading=\"lazy\" decoding=\"async\" width=\"768\" height=\"1024\" src=\"https:\/\/mustjalakogudus.ee\/wp-content\/uploads\/2023\/04\/paiksepaistes-joulukirik-1-768x1024.jpg\" class=\"attachment-medium_large size-medium_large\" alt=\"P\u00e4ikesepaistes j\u00f5ulukirik\" aria-describedby=\"gallery-1-1667\" srcset=\"https:\/\/mustjalakogudus.ee\/wp-content\/uploads\/2023\/04\/paiksepaistes-joulukirik-1-768x1024.jpg 768w, https:\/\/mustjalakogudus.ee\/wp-content\/uploads\/2023\/04\/paiksepaistes-joulukirik-1-225x300.jpg 225w, https:\/\/mustjalakogudus.ee\/wp-content\/uploads\/2023\/04\/paiksepaistes-joulukirik-1-1152x1536.jpg 1152w, https:\/\/mustjalakogudus.ee\/wp-content\/uploads\/2023\/04\/paiksepaistes-joulukirik-1-1536x2048.jpg 1536w, https:\/\/mustjalakogudus.ee\/wp-content\/uploads\/2023\/04\/paiksepaistes-joulukirik-1-500x667.jpg 500w, https:\/\/mustjalakogudus.ee\/wp-content\/uploads\/2023\/04\/paiksepaistes-joulukirik-1-800x1067.jpg 800w, https:\/\/mustjalakogudus.ee\/wp-content\/uploads\/2023\/04\/paiksepaistes-joulukirik-1-1280x1707.jpg 1280w, https:\/\/mustjalakogudus.ee\/wp-content\/uploads\/2023\/04\/paiksepaistes-joulukirik-1-scaled.jpg 1920w\" sizes=\"(max-width: 768px) 100vw, 768px\" \/><\/a>\n\t\t\t<\/div>\n\t\t\t\t<figcaption class='wp-caption-text gallery-caption' id='gallery-1-1667'>\n\t\t\t\tAastavahetuse ajal\n\t\t\t\t<\/figcaption><\/figure><figure class='gallery-item'>\n\t\t\t<div class='gallery-icon landscape'>\n\t\t\t\t<a data-elementor-open-lightbox=\"yes\" data-elementor-lightbox-slideshow=\"f946f5a\" data-elementor-lightbox-title=\"P\u00e4ikeset\u00f5us 8.veebrua2023\" data-e-action-hash=\"#elementor-action%3Aaction%3Dlightbox%26settings%3DeyJpZCI6MTU3MSwidXJsIjoiaHR0cHM6XC9cL211c3RqYWxha29ndWR1cy5lZVwvd3AtY29udGVudFwvdXBsb2Fkc1wvMjAyM1wvMDRcL1BhaWtlc2V0b3VzLTgudmVlYnJ1YTIwMjMtc2NhbGVkLmpwZyIsInNsaWRlc2hvdyI6ImY5NDZmNWEifQ%3D%3D\" href='https:\/\/mustjalakogudus.ee\/wp-content\/uploads\/2023\/04\/Paikesetous-8.veebrua2023-scaled.jpg'><img loading=\"lazy\" decoding=\"async\" width=\"768\" height=\"576\" src=\"https:\/\/mustjalakogudus.ee\/wp-content\/uploads\/2023\/04\/Paikesetous-8.veebrua2023-768x576.jpg\" class=\"attachment-medium_large size-medium_large\" alt=\"Kirik p\u00e4ikeset\u00f5usul\" aria-describedby=\"gallery-1-1571\" srcset=\"https:\/\/mustjalakogudus.ee\/wp-content\/uploads\/2023\/04\/Paikesetous-8.veebrua2023-768x576.jpg 768w, https:\/\/mustjalakogudus.ee\/wp-content\/uploads\/2023\/04\/Paikesetous-8.veebrua2023-300x225.jpg 300w, https:\/\/mustjalakogudus.ee\/wp-content\/uploads\/2023\/04\/Paikesetous-8.veebrua2023-1024x768.jpg 1024w, https:\/\/mustjalakogudus.ee\/wp-content\/uploads\/2023\/04\/Paikesetous-8.veebrua2023-1536x1152.jpg 1536w, https:\/\/mustjalakogudus.ee\/wp-content\/uploads\/2023\/04\/Paikesetous-8.veebrua2023-2048x1536.jpg 2048w, https:\/\/mustjalakogudus.ee\/wp-content\/uploads\/2023\/04\/Paikesetous-8.veebrua2023-500x375.jpg 500w, https:\/\/mustjalakogudus.ee\/wp-content\/uploads\/2023\/04\/Paikesetous-8.veebrua2023-800x600.jpg 800w, https:\/\/mustjalakogudus.ee\/wp-content\/uploads\/2023\/04\/Paikesetous-8.veebrua2023-1280x960.jpg 1280w, https:\/\/mustjalakogudus.ee\/wp-content\/uploads\/2023\/04\/Paikesetous-8.veebrua2023-1920x1440.jpg 1920w\" sizes=\"(max-width: 768px) 100vw, 768px\" \/><\/a>\n\t\t\t<\/div>\n\t\t\t\t<figcaption class='wp-caption-text gallery-caption' id='gallery-1-1571'>\n\t\t\t\tKirik p\u00e4ikeset\u00f5usul\n\t\t\t\t<\/figcaption><\/figure><figure class='gallery-item'>\n\t\t\t<div class='gallery-icon portrait'>\n\t\t\t\t<a data-elementor-open-lightbox=\"yes\" data-elementor-lightbox-slideshow=\"f946f5a\" data-elementor-lightbox-title=\"Katuse remont 7.aprill 2023\" data-e-action-hash=\"#elementor-action%3Aaction%3Dlightbox%26settings%3DeyJpZCI6MTU0NCwidXJsIjoiaHR0cHM6XC9cL211c3RqYWxha29ndWR1cy5lZVwvd3AtY29udGVudFwvdXBsb2Fkc1wvMjAyM1wvMDRcL0thdHVzZS1yZW1vbnQtNy5hcHJpbGwtMjAyMy1zY2FsZWQuanBnIiwic2xpZGVzaG93IjoiZjk0NmY1YSJ9\" href='https:\/\/mustjalakogudus.ee\/wp-content\/uploads\/2023\/04\/Katuse-remont-7.aprill-2023-scaled.jpg'><img loading=\"lazy\" decoding=\"async\" width=\"768\" height=\"1024\" src=\"https:\/\/mustjalakogudus.ee\/wp-content\/uploads\/2023\/04\/Katuse-remont-7.aprill-2023-768x1024.jpg\" class=\"attachment-medium_large size-medium_large\" alt=\"Mustjala kirik 2023\" aria-describedby=\"gallery-1-1544\" srcset=\"https:\/\/mustjalakogudus.ee\/wp-content\/uploads\/2023\/04\/Katuse-remont-7.aprill-2023-768x1024.jpg 768w, https:\/\/mustjalakogudus.ee\/wp-content\/uploads\/2023\/04\/Katuse-remont-7.aprill-2023-225x300.jpg 225w, https:\/\/mustjalakogudus.ee\/wp-content\/uploads\/2023\/04\/Katuse-remont-7.aprill-2023-1152x1536.jpg 1152w, https:\/\/mustjalakogudus.ee\/wp-content\/uploads\/2023\/04\/Katuse-remont-7.aprill-2023-1536x2048.jpg 1536w, https:\/\/mustjalakogudus.ee\/wp-content\/uploads\/2023\/04\/Katuse-remont-7.aprill-2023-500x667.jpg 500w, https:\/\/mustjalakogudus.ee\/wp-content\/uploads\/2023\/04\/Katuse-remont-7.aprill-2023-800x1067.jpg 800w, https:\/\/mustjalakogudus.ee\/wp-content\/uploads\/2023\/04\/Katuse-remont-7.aprill-2023-1280x1707.jpg 1280w, https:\/\/mustjalakogudus.ee\/wp-content\/uploads\/2023\/04\/Katuse-remont-7.aprill-2023-scaled.jpg 1920w\" sizes=\"(max-width: 768px) 100vw, 768px\" \/><\/a>\n\t\t\t<\/div>\n\t\t\t\t<figcaption class='wp-caption-text gallery-caption' id='gallery-1-1544'>\n\t\t\t\tKatuse remont\n\t\t\t\t<\/figcaption><\/figure><figure class='gallery-item'>\n\t\t\t<div class='gallery-icon portrait'>\n\t\t\t\t<a data-elementor-open-lightbox=\"yes\" data-elementor-lightbox-slideshow=\"f946f5a\" data-elementor-lightbox-title=\"kirik - helje juuli2020\" data-e-action-hash=\"#elementor-action%3Aaction%3Dlightbox%26settings%3DeyJpZCI6MTU2OCwidXJsIjoiaHR0cHM6XC9cL211c3RqYWxha29ndWR1cy5lZVwvd3AtY29udGVudFwvdXBsb2Fkc1wvMjAyM1wvMDRcL2tpcmlrLWhlbGplLWp1dWxpMjAyMC1zY2FsZWQuanBnIiwic2xpZGVzaG93IjoiZjk0NmY1YSJ9\" href='https:\/\/mustjalakogudus.ee\/wp-content\/uploads\/2023\/04\/kirik-helje-juuli2020-scaled.jpg'><img loading=\"lazy\" decoding=\"async\" width=\"768\" height=\"1257\" src=\"https:\/\/mustjalakogudus.ee\/wp-content\/uploads\/2023\/04\/kirik-helje-juuli2020-768x1257.jpg\" class=\"attachment-medium_large size-medium_large\" alt=\"Kirik juulis\" aria-describedby=\"gallery-1-1568\" srcset=\"https:\/\/mustjalakogudus.ee\/wp-content\/uploads\/2023\/04\/kirik-helje-juuli2020-768x1257.jpg 768w, https:\/\/mustjalakogudus.ee\/wp-content\/uploads\/2023\/04\/kirik-helje-juuli2020-183x300.jpg 183w, https:\/\/mustjalakogudus.ee\/wp-content\/uploads\/2023\/04\/kirik-helje-juuli2020-626x1024.jpg 626w, https:\/\/mustjalakogudus.ee\/wp-content\/uploads\/2023\/04\/kirik-helje-juuli2020-938x1536.jpg 938w, https:\/\/mustjalakogudus.ee\/wp-content\/uploads\/2023\/04\/kirik-helje-juuli2020-1251x2048.jpg 1251w, https:\/\/mustjalakogudus.ee\/wp-content\/uploads\/2023\/04\/kirik-helje-juuli2020-500x819.jpg 500w, https:\/\/mustjalakogudus.ee\/wp-content\/uploads\/2023\/04\/kirik-helje-juuli2020-800x1310.jpg 800w, https:\/\/mustjalakogudus.ee\/wp-content\/uploads\/2023\/04\/kirik-helje-juuli2020-1280x2095.jpg 1280w, https:\/\/mustjalakogudus.ee\/wp-content\/uploads\/2023\/04\/kirik-helje-juuli2020-1920x3143.jpg 1920w, https:\/\/mustjalakogudus.ee\/wp-content\/uploads\/2023\/04\/kirik-helje-juuli2020-scaled.jpg 1564w\" sizes=\"(max-width: 768px) 100vw, 768px\" \/><\/a>\n\t\t\t<\/div>\n\t\t\t\t<figcaption class='wp-caption-text gallery-caption' id='gallery-1-1568'>\n\t\t\t\tKirik juulis\n\t\t\t\t<\/figcaption><\/figure><figure class='gallery-item'>\n\t\t\t<div class='gallery-icon portrait'>\n\t\t\t\t<a data-elementor-open-lightbox=\"yes\" data-elementor-lightbox-slideshow=\"f946f5a\" data-elementor-lightbox-title=\"altari k\u00fclg\" data-e-action-hash=\"#elementor-action%3Aaction%3Dlightbox%26settings%3DeyJpZCI6MTUwNCwidXJsIjoiaHR0cHM6XC9cL211c3RqYWxha29ndWR1cy5lZVwvd3AtY29udGVudFwvdXBsb2Fkc1wvMjAyM1wvMDRcLzE5ODAwOTE0XzE0MzU2MzIwNjY1MTgyNjFfMzIxNjYyNTg3MzU4ODE5Mzk2OV9vLmpwZyIsInNsaWRlc2hvdyI6ImY5NDZmNWEifQ%3D%3D\" href='https:\/\/mustjalakogudus.ee\/wp-content\/uploads\/2023\/04\/19800914_1435632066518261_3216625873588193969_o.jpg'><img loading=\"lazy\" decoding=\"async\" width=\"768\" height=\"1024\" src=\"https:\/\/mustjalakogudus.ee\/wp-content\/uploads\/2023\/04\/19800914_1435632066518261_3216625873588193969_o-768x1024.jpg\" class=\"attachment-medium_large size-medium_large\" alt=\"Kevadine\" aria-describedby=\"gallery-1-1504\" srcset=\"https:\/\/mustjalakogudus.ee\/wp-content\/uploads\/2023\/04\/19800914_1435632066518261_3216625873588193969_o-768x1024.jpg 768w, https:\/\/mustjalakogudus.ee\/wp-content\/uploads\/2023\/04\/19800914_1435632066518261_3216625873588193969_o-225x300.jpg 225w, https:\/\/mustjalakogudus.ee\/wp-content\/uploads\/2023\/04\/19800914_1435632066518261_3216625873588193969_o-1152x1536.jpg 1152w, https:\/\/mustjalakogudus.ee\/wp-content\/uploads\/2023\/04\/19800914_1435632066518261_3216625873588193969_o-500x667.jpg 500w, https:\/\/mustjalakogudus.ee\/wp-content\/uploads\/2023\/04\/19800914_1435632066518261_3216625873588193969_o-800x1067.jpg 800w, https:\/\/mustjalakogudus.ee\/wp-content\/uploads\/2023\/04\/19800914_1435632066518261_3216625873588193969_o-1280x1707.jpg 1280w, https:\/\/mustjalakogudus.ee\/wp-content\/uploads\/2023\/04\/19800914_1435632066518261_3216625873588193969_o.jpg 1536w\" sizes=\"(max-width: 768px) 100vw, 768px\" \/><\/a>\n\t\t\t<\/div>\n\t\t\t\t<figcaption class='wp-caption-text gallery-caption' id='gallery-1-1504'>\n\t\t\t\tVaade altari seinast\n\t\t\t\t<\/figcaption><\/figure><figure class='gallery-item'>\n\t\t\t<div class='gallery-icon landscape'>\n\t\t\t\t<a data-elementor-open-lightbox=\"yes\" data-elementor-lightbox-slideshow=\"f946f5a\" data-elementor-lightbox-title=\"talvel\" data-e-action-hash=\"#elementor-action%3Aaction%3Dlightbox%26settings%3DeyJpZCI6NywidXJsIjoiaHR0cHM6XC9cL211c3RqYWxha29ndWR1cy5lZVwvd3AtY29udGVudFwvdXBsb2Fkc1wvMjAyMlwvMTBcL0RTQ18wNzY2LXNjYWxlZC5qcGciLCJzbGlkZXNob3ciOiJmOTQ2ZjVhIn0%3D\" href='https:\/\/mustjalakogudus.ee\/wp-content\/uploads\/2022\/10\/DSC_0766-scaled.jpg'><img loading=\"lazy\" decoding=\"async\" width=\"768\" height=\"432\" src=\"https:\/\/mustjalakogudus.ee\/wp-content\/uploads\/2022\/10\/DSC_0766-768x432.jpg\" class=\"attachment-medium_large size-medium_large\" alt=\"Kirik talvel\" aria-describedby=\"gallery-1-7\" srcset=\"https:\/\/mustjalakogudus.ee\/wp-content\/uploads\/2022\/10\/DSC_0766-768x432.jpg 768w, https:\/\/mustjalakogudus.ee\/wp-content\/uploads\/2022\/10\/DSC_0766-300x169.jpg 300w, https:\/\/mustjalakogudus.ee\/wp-content\/uploads\/2022\/10\/DSC_0766-1024x576.jpg 1024w, https:\/\/mustjalakogudus.ee\/wp-content\/uploads\/2022\/10\/DSC_0766-1536x864.jpg 1536w, https:\/\/mustjalakogudus.ee\/wp-content\/uploads\/2022\/10\/DSC_0766-2048x1152.jpg 2048w\" sizes=\"(max-width: 768px) 100vw, 768px\" \/><\/a>\n\t\t\t<\/div>\n\t\t\t\t<figcaption class='wp-caption-text gallery-caption' id='gallery-1-7'>\n\t\t\t\tKirik lumes\n\t\t\t\t<\/figcaption><\/figure><figure class='gallery-item'>\n\t\t\t<div class='gallery-icon landscape'>\n\t\t\t\t<a data-elementor-open-lightbox=\"yes\" data-elementor-lightbox-slideshow=\"f946f5a\" data-elementor-lightbox-title=\"20231013_093516 (1)\" data-e-action-hash=\"#elementor-action%3Aaction%3Dlightbox%26settings%3DeyJpZCI6MTg1NSwidXJsIjoiaHR0cHM6XC9cL211c3RqYWxha29ndWR1cy5lZVwvd3AtY29udGVudFwvdXBsb2Fkc1wvMjAyNFwvMTJcLzIwMjMxMDEzXzA5MzUxNi0xLXNjYWxlZC5qcGciLCJzbGlkZXNob3ciOiJmOTQ2ZjVhIn0%3D\" href='https:\/\/mustjalakogudus.ee\/wp-content\/uploads\/2024\/12\/20231013_093516-1-scaled.jpg'><img loading=\"lazy\" decoding=\"async\" width=\"768\" height=\"576\" src=\"https:\/\/mustjalakogudus.ee\/wp-content\/uploads\/2024\/12\/20231013_093516-1-768x576.jpg\" class=\"attachment-medium_large size-medium_large\" alt=\"uus katus suvel\" aria-describedby=\"gallery-1-1855\" srcset=\"https:\/\/mustjalakogudus.ee\/wp-content\/uploads\/2024\/12\/20231013_093516-1-768x576.jpg 768w, https:\/\/mustjalakogudus.ee\/wp-content\/uploads\/2024\/12\/20231013_093516-1-300x225.jpg 300w, https:\/\/mustjalakogudus.ee\/wp-content\/uploads\/2024\/12\/20231013_093516-1-1024x768.jpg 1024w, https:\/\/mustjalakogudus.ee\/wp-content\/uploads\/2024\/12\/20231013_093516-1-1536x1152.jpg 1536w, https:\/\/mustjalakogudus.ee\/wp-content\/uploads\/2024\/12\/20231013_093516-1-2048x1536.jpg 2048w\" sizes=\"(max-width: 768px) 100vw, 768px\" \/><\/a>\n\t\t\t<\/div>\n\t\t\t\t<figcaption class='wp-caption-text gallery-caption' id='gallery-1-1855'>\n\t\t\t\tAuhind remondi eest\n\t\t\t\t<\/figcaption><\/figure><figure class='gallery-item'>\n\t\t\t<div class='gallery-icon landscape'>\n\t\t\t\t<a data-elementor-open-lightbox=\"yes\" data-elementor-lightbox-slideshow=\"f946f5a\" data-elementor-lightbox-title=\"462535846_514832738129603_1257900852173063686_n\" data-e-action-hash=\"#elementor-action%3Aaction%3Dlightbox%26settings%3DeyJpZCI6MTg1NiwidXJsIjoiaHR0cHM6XC9cL211c3RqYWxha29ndWR1cy5lZVwvd3AtY29udGVudFwvdXBsb2Fkc1wvMjAyNFwvMTJcLzQ2MjUzNTg0Nl81MTQ4MzI3MzgxMjk2MDNfMTI1NzkwMDg1MjE3MzA2MzY4Nl9uLmpwZyIsInNsaWRlc2hvdyI6ImY5NDZmNWEifQ%3D%3D\" href='https:\/\/mustjalakogudus.ee\/wp-content\/uploads\/2024\/12\/462535846_514832738129603_1257900852173063686_n.jpg'><img loading=\"lazy\" decoding=\"async\" width=\"768\" height=\"603\" src=\"https:\/\/mustjalakogudus.ee\/wp-content\/uploads\/2024\/12\/462535846_514832738129603_1257900852173063686_n-768x603.jpg\" class=\"attachment-medium_large size-medium_large\" alt=\"katus\" aria-describedby=\"gallery-1-1856\" srcset=\"https:\/\/mustjalakogudus.ee\/wp-content\/uploads\/2024\/12\/462535846_514832738129603_1257900852173063686_n-768x603.jpg 768w, https:\/\/mustjalakogudus.ee\/wp-content\/uploads\/2024\/12\/462535846_514832738129603_1257900852173063686_n-300x236.jpg 300w, https:\/\/mustjalakogudus.ee\/wp-content\/uploads\/2024\/12\/462535846_514832738129603_1257900852173063686_n-1024x805.jpg 1024w, https:\/\/mustjalakogudus.ee\/wp-content\/uploads\/2024\/12\/462535846_514832738129603_1257900852173063686_n-1536x1207.jpg 1536w, https:\/\/mustjalakogudus.ee\/wp-content\/uploads\/2024\/12\/462535846_514832738129603_1257900852173063686_n.jpg 2048w\" sizes=\"(max-width: 768px) 100vw, 768px\" \/><\/a>\n\t\t\t<\/div>\n\t\t\t\t<figcaption class='wp-caption-text gallery-caption' id='gallery-1-1856'>\n\t\t\t\tKaunis s\u00fcgis\n\t\t\t\t<\/figcaption><\/figure><figure class='gallery-item'>\n\t\t\t<div class='gallery-icon landscape'>\n\t\t\t\t<a data-elementor-open-lightbox=\"yes\" data-elementor-lightbox-slideshow=\"f946f5a\" data-elementor-lightbox-title=\"Aastavahetus 2023\" data-e-action-hash=\"#elementor-action%3Aaction%3Dlightbox%26settings%3DeyJpZCI6MTg1NywidXJsIjoiaHR0cHM6XC9cL211c3RqYWxha29ndWR1cy5lZVwvd3AtY29udGVudFwvdXBsb2Fkc1wvMjAyNFwvMTJcL0Fhc3RhdmFoZXR1cy0yMDIzLXNjYWxlZC5qcGciLCJzbGlkZXNob3ciOiJmOTQ2ZjVhIn0%3D\" href='https:\/\/mustjalakogudus.ee\/wp-content\/uploads\/2024\/12\/Aastavahetus-2023-scaled.jpg'><img loading=\"lazy\" decoding=\"async\" width=\"768\" height=\"576\" src=\"https:\/\/mustjalakogudus.ee\/wp-content\/uploads\/2024\/12\/Aastavahetus-2023-768x576.jpg\" class=\"attachment-medium_large size-medium_large\" alt=\"talvel kirik\" aria-describedby=\"gallery-1-1857\" srcset=\"https:\/\/mustjalakogudus.ee\/wp-content\/uploads\/2024\/12\/Aastavahetus-2023-768x576.jpg 768w, https:\/\/mustjalakogudus.ee\/wp-content\/uploads\/2024\/12\/Aastavahetus-2023-300x225.jpg 300w, https:\/\/mustjalakogudus.ee\/wp-content\/uploads\/2024\/12\/Aastavahetus-2023-1024x768.jpg 1024w, https:\/\/mustjalakogudus.ee\/wp-content\/uploads\/2024\/12\/Aastavahetus-2023-1536x1152.jpg 1536w, https:\/\/mustjalakogudus.ee\/wp-content\/uploads\/2024\/12\/Aastavahetus-2023-2048x1536.jpg 2048w\" sizes=\"(max-width: 768px) 100vw, 768px\" \/><\/a>\n\t\t\t<\/div>\n\t\t\t\t<figcaption class='wp-caption-text gallery-caption' id='gallery-1-1857'>\n\t\t\t\tTalv kiriku\u00f5ues\n\t\t\t\t<\/figcaption><\/figure><figure class='gallery-item'>\n\t\t\t<div class='gallery-icon landscape'>\n\t\t\t\t<a data-elementor-open-lightbox=\"yes\" data-elementor-lightbox-slideshow=\"f946f5a\" data-elementor-lightbox-title=\"Oktoobri hommik2023\" data-e-action-hash=\"#elementor-action%3Aaction%3Dlightbox%26settings%3DeyJpZCI6MTg1OSwidXJsIjoiaHR0cHM6XC9cL211c3RqYWxha29ndWR1cy5lZVwvd3AtY29udGVudFwvdXBsb2Fkc1wvMjAyNFwvMTJcL09rdG9vYnJpLWhvbW1pazIwMjMtc2NhbGVkLmpwZyIsInNsaWRlc2hvdyI6ImY5NDZmNWEifQ%3D%3D\" href='https:\/\/mustjalakogudus.ee\/wp-content\/uploads\/2024\/12\/Oktoobri-hommik2023-scaled.jpg'><img loading=\"lazy\" decoding=\"async\" width=\"768\" height=\"577\" src=\"https:\/\/mustjalakogudus.ee\/wp-content\/uploads\/2024\/12\/Oktoobri-hommik2023-768x577.jpg\" class=\"attachment-medium_large size-medium_large\" alt=\"Hommik\" aria-describedby=\"gallery-1-1859\" srcset=\"https:\/\/mustjalakogudus.ee\/wp-content\/uploads\/2024\/12\/Oktoobri-hommik2023-768x577.jpg 768w, https:\/\/mustjalakogudus.ee\/wp-content\/uploads\/2024\/12\/Oktoobri-hommik2023-300x225.jpg 300w, https:\/\/mustjalakogudus.ee\/wp-content\/uploads\/2024\/12\/Oktoobri-hommik2023-1024x769.jpg 1024w, https:\/\/mustjalakogudus.ee\/wp-content\/uploads\/2024\/12\/Oktoobri-hommik2023-1536x1154.jpg 1536w, https:\/\/mustjalakogudus.ee\/wp-content\/uploads\/2024\/12\/Oktoobri-hommik2023-2048x1538.jpg 2048w\" sizes=\"(max-width: 768px) 100vw, 768px\" \/><\/a>\n\t\t\t<\/div>\n\t\t\t\t<figcaption class='wp-caption-text gallery-caption' id='gallery-1-1859'>\n\t\t\t\tUue p\u00e4eva algus\n\t\t\t\t<\/figcaption><\/figure>\n\t\t<\/div>\n\t\t<\/div>\n\t\t\t\t\t\t<\/div>\n\t\t\t\t<\/div>\n\t\t\t\t\t<\/div>\n\t\t<\/div>\n\t\t\t\t\t<\/div>\n\t\t<\/section>\n\t\t\t\t<section class=\"elementor-section elementor-top-section elementor-element elementor-element-5630cda elementor-section-boxed elementor-section-height-default elementor-section-height-default\" data-id=\"5630cda\" data-element_type=\"section\">\n\t\t\t\t\t\t<div class=\"elementor-container elementor-column-gap-default\">\n\t\t\t\t\t<div class=\"elementor-column elementor-col-100 elementor-top-column elementor-element elementor-element-113aa09\" data-id=\"113aa09\" data-element_type=\"column\">\n\t\t\t<div class=\"elementor-widget-wrap elementor-element-populated\">\n\t\t\t\t\t\t\t<\/div>\n\t\t<\/div>\n\t\t\t\t\t<\/div>\n\t\t<\/section>\n\t\t\t\t<\/div>\n\t\t","protected":false},"excerpt":{"rendered":"<p>Kirik s\u00fcgisel Uue katuse kevad \u00dcks vana pilt kirikust Aastavahetuse ajal Kirik p\u00e4ikeset\u00f5usul Katuse remont Kirik juulis Vaade altari seinast Kirik lumes Auhind remondi eest Kaunis s\u00fcgis Talv kiriku\u00f5ues Uue p\u00e4eva algus<\/p>\n","protected":false},"author":1,"featured_media":0,"parent":0,"menu_order":0,"comment_status":"closed","ping_status":"closed","template":"","meta":{"_kad_post_transparent":"default","_kad_post_title":"hide","_kad_post_layout":"fullwidth","_kad_post_sidebar_id":"","_kad_post_content_style":"unboxed","_kad_post_vertical_padding":"hide","_kad_post_feature":"hide","_kad_post_feature_position":"","_kad_post_header":false,"_kad_post_footer":false,"footnotes":""},"class_list":["post-1759","page","type-page","status-publish","hentry"],"_links":{"self":[{"href":"https:\/\/mustjalakogudus.ee\/index.php?rest_route=\/wp\/v2\/pages\/1759","targetHints":{"allow":["GET"]}}],"collection":[{"href":"https:\/\/mustjalakogudus.ee\/index.php?rest_route=\/wp\/v2\/pages"}],"about":[{"href":"https:\/\/mustjalakogudus.ee\/index.php?rest_route=\/wp\/v2\/types\/page"}],"author":[{"embeddable":true,"href":"https:\/\/mustjalakogudus.ee\/index.php?rest_route=\/wp\/v2\/users\/1"}],"replies":[{"embeddable":true,"href":"https:\/\/mustjalakogudus.ee\/index.php?rest_route=%2Fwp%2Fv2%2Fcomments&post=1759"}],"version-history":[{"count":10,"href":"https:\/\/mustjalakogudus.ee\/index.php?rest_route=\/wp\/v2\/pages\/1759\/revisions"}],"predecessor-version":[{"id":1876,"href":"https:\/\/mustjalakogudus.ee\/index.php?rest_route=\/wp\/v2\/pages\/1759\/revisions\/1876"}],"wp:attachment":[{"href":"https:\/\/mustjalakogudus.ee\/index.php?rest_route=%2Fwp%2Fv2%2Fmedia&parent=1759"}],"curies":[{"name":"wp","href":"https:\/\/api.w.org\/{rel}","templated":true}]}}