{"id":1754,"date":"2023-09-09T10:10:37","date_gmt":"2023-09-09T10:10:37","guid":{"rendered":"https:\/\/mustjalakogudus.ee\/?page_id=1754"},"modified":"2023-09-09T11:26:06","modified_gmt":"2023-09-09T11:26:06","slug":"mustjala-anna-koguduse-ajaloost-kirjutab-maimu-berg","status":"publish","type":"page","link":"https:\/\/mustjalakogudus.ee\/?page_id=1754","title":{"rendered":"EELK Mustjala Anna koguduse ajaloost kirjutab Maimu Berg"},"content":{"rendered":"\t\t<div data-elementor-type=\"wp-page\" data-elementor-id=\"1754\" class=\"elementor elementor-1754\">\n\t\t\t\t\t\t<section class=\"elementor-section elementor-top-section elementor-element elementor-element-5b6bcf1 elementor-section-boxed elementor-section-height-default elementor-section-height-default\" data-id=\"5b6bcf1\" data-element_type=\"section\">\n\t\t\t\t\t\t<div class=\"elementor-container elementor-column-gap-default\">\n\t\t\t\t\t<div class=\"elementor-column elementor-col-100 elementor-top-column elementor-element elementor-element-5f57b97\" data-id=\"5f57b97\" data-element_type=\"column\">\n\t\t\t<div class=\"elementor-widget-wrap elementor-element-populated\">\n\t\t\t\t\t\t<div class=\"elementor-element elementor-element-1443a62 elementor-widget elementor-widget-heading\" data-id=\"1443a62\" data-element_type=\"widget\" data-widget_type=\"heading.default\">\n\t\t\t\t<div class=\"elementor-widget-container\">\n\t\t\t\t\t<h1 class=\"elementor-heading-title elementor-size-default\">Mustjala Anna koguduse ajaloost <\/h1>\t\t\t\t<\/div>\n\t\t\t\t<\/div>\n\t\t\t\t\t<\/div>\n\t\t<\/div>\n\t\t\t\t\t<\/div>\n\t\t<\/section>\n\t\t\t\t<section class=\"elementor-section elementor-top-section elementor-element elementor-element-7b64409 elementor-section-boxed elementor-section-height-default elementor-section-height-default\" data-id=\"7b64409\" data-element_type=\"section\">\n\t\t\t\t\t\t<div class=\"elementor-container elementor-column-gap-default\">\n\t\t\t\t\t<div class=\"elementor-column elementor-col-100 elementor-top-column elementor-element elementor-element-5019308\" data-id=\"5019308\" data-element_type=\"column\">\n\t\t\t<div class=\"elementor-widget-wrap elementor-element-populated\">\n\t\t\t\t\t\t<div class=\"elementor-element elementor-element-5924ff5 elementor-drop-cap-yes elementor-drop-cap-view-default elementor-widget elementor-widget-text-editor\" data-id=\"5924ff5\" data-element_type=\"widget\" data-settings=\"{&quot;drop_cap&quot;:&quot;yes&quot;}\" data-widget_type=\"text-editor.default\">\n\t\t\t\t<div class=\"elementor-widget-container\">\n\t\t\t\t\t\t\t\t\t<h2><span style=\"color: #008000;\"><strong>M\u00f5nedest silmapaistvamatest\u00a0 kiriku\u00f5petajatest Mustjala Anna koguduses.<\/strong><\/span><\/h2><h5>Kirjutab Maimu Berg<\/h5><h6>\u00a4<\/h6><p><span style=\"color: #008000;\"><strong>August Jakob Westr\u00e9n-Doll<\/strong><\/span> (1838 \u2013 1912), p\u00f5lvnes tuntud kiriku\u00f5petajate suguv\u00f5sast, paljulapselisest perest, isa oli ka Kuressaare Laurentiuse kiriku \u00f5petaja. \u00dcks Augusti \u00f5dedest Juliana Carolina ehk Jula oli abielus Jaan Te\u00e4rega (1854 \u2013 1925), tuntud laevaehitaja, merenduse asjatundja ja seltskonnategelasega.\u00a0 Mustjalas oli\u00a0 August Jakob Westr\u00e9n-Doll\u00a0 \u00f5petajaks 1871 \u2013 1876, hiljem siirdus Viljandisse, kus ka suri. Ta oli aktiivne usutegelane. Westr\u00e9n-Doll oli kaks korda abielus, kokku oli tal 14 last.<\/p><p><strong><span style=\"color: #008000;\">Teine tuntud pastorite suguv\u00f5sa, kes on seotud ka Mustjalaga,\u00a0 oli Eberhard.<\/span><\/strong> August Eberhard (1856 \u2013 1927) oli Mustjala koguduse \u00f5petaja 1886. aastast oma surmani. Kiriku\u00f5petajad, kuigi\u00a0 teistes kogudustes, olid ka tema poeg ja pojapoeg, mitmed vennad, onud jne. Pojapoeg Samuel Eberhard (1905 \u2013 1945) oli v\u00e4ga ilus noormees ja kuigi ta Mustjalas \u00f5petajaks ei olnud, k\u00e4is ta tihti oma vanaisal k\u00fclas ja pidas siis ka jumalateenistust, nii et kohalikud vanadaamid meenutasid veel minu lapsep\u00f5lves teda s\u00e4rasilmil ja imetlusega. Wehrmachti koosseisus s\u00f5dinud Samuel Eberhard j\u00e4i s\u00f5ja l\u00f5pus Poolas teadmata kadunuks.\u00a0 Nii Westr\u00e9n-Dollid kui ka Eberhardid olid saksa, Dollid osalt ka rootsi p\u00e4ritolu, nende koduseks keeleks oli saksa keel, kuid nad r\u00e4\u00e4kisid vabalt eesti keelt. \u00d5ppinud olid nad nii Eestis kui ka Saksamaal ja mujalgi Euroopas.<\/p><p><strong><span style=\"color: #008000;\">Teisi Mustjala Anna koguduse \u00f5petajaid l\u00e4bi aegade:<\/span><\/strong><\/p><ol><li><span style=\"font-family: var(--global-body-font-family);\"><strong><span style=\"color: #008000;\">Christian Tredenap<\/span><\/strong> oli Mustjalas 1640-1658, p\u00f5lvnes samuti pastorite suguv\u00f5sast, Tredenapid oli pastoriks ka T\u00fcril ja Lihulas<\/span><\/li><li><strong><span style=\"color: #008000;\">Heurieus B\u00f6ckelman<\/span><\/strong> 1661-1697<\/li><li>J<strong><span style=\"color: #008000;\">ohannes Elias Pastelberg<\/span> <\/strong>1699-1710. Omandas hariduse Tartus Academia Gustavo-Carolinas, oli Mustjala Anna kabelis rasketel P\u00f5hjas\u00f5ja ja katku aastatel<\/li><li><strong><span style=\"color: #008000;\">David Johannes Rahr<\/span><\/strong> Mustjalas 1711-1741. Hiljem Kuressaares \u00f5petajaks olles sai tuntuks sellega, et s\u00fc\u00fcdistas kohtus kangur Schubbet ja tema abikaasat omavolilises lahutuses<\/li><li><strong><span style=\"color: #008000;\">Johannes Georg Ravereahl<\/span> <\/strong>1741-1754<\/li><li><strong><span style=\"color: #008000;\">Friedrich August Rausehenbusch<\/span> <\/strong>1756-1768<\/li><li><strong><span style=\"color: #008000;\">Christian Haller<\/span> <\/strong>1776-1784, ilmselt Rootsi p\u00e4ritolu<\/li><li><strong><span style=\"color: #008000;\">Georg Friedrich Harten<\/span><\/strong> 1786-1834 tema abikaasa oli samuti vaimulike suguv\u00f5sast, kelle sugulased olid kiriku\u00f5petajad erinevates Eesti- ja Liivimaa kirikutes<\/li><li><strong><span style=\"color: #008000;\">Eduard Heinrich Gahlnbaeck<\/span> <\/strong>1832-1834 oli Tallinnas s\u00fcndinud<\/li><li><strong><span style=\"color: #008000;\">Carl Johannes Masing<\/span><\/strong> (in St. Petersb. 1834-1860 Siirdus Mustjalast Peterburi\u00a0 Mihkli koguduse \u00f5petajaks<\/li><li><strong><span style=\"color: #008000;\">Wilhelm Eduard Heinrich Bergwitz<\/span> <\/strong>1860-1863 l\u00e4ks Mustjalast P\u00e4rnu \u00f5petajaks, vend oli \u00f5petaja P\u00fchavaimu kirikus Tallinnas<\/li><li><strong><span style=\"color: #008000;\">Theodor Heinr. Renatus Hesse<\/span> <\/strong>(nach Theal voeirt) 1864-1871 Saaremaa superintendendi Conrad Eduard Hesse poeg, \u00f5petaja uues kirikuhoones<\/li><li><strong><span style=\"color: #008000;\">August Jakob Doll<\/span> <\/strong>1871-1876<\/li><li><strong><span style=\"color: #008000;\">Karl Eduard Pielberg<\/span><\/strong> (Gestorben) 1877-1887<\/li><\/ol><p>Huvitav on ehk veel mainida, et<strong><span style=\"color: #008000;\"> teoloog, orientalist, filosoof, luuletaja, folklorist ja etnoloog\u00a0 Uku Masing<\/span> <\/strong>(1909 \u2013 1985) lasi ennast oma pruudi Eha Tuulemaaga 1939.aastal laulatada Mustjala kirkus. Neid laulatas \u00f5petaja Aksel Kriisa. K\u00fcllap tahtsid nad ilma suurema k\u00e4rata ja kodust kaugel paari minna. Hiljem nad lisaks registreerisid oma abielu.<\/p>\t\t\t\t\t\t\t\t<\/div>\n\t\t\t\t<\/div>\n\t\t\t\t\t<\/div>\n\t\t<\/div>\n\t\t\t\t\t<\/div>\n\t\t<\/section>\n\t\t\t\t<\/div>\n\t\t","protected":false},"excerpt":{"rendered":"<p>Mustjala Anna koguduse ajaloost M\u00f5nedest silmapaistvamatest\u00a0 kiriku\u00f5petajatest Mustjala Anna koguduses. Kirjutab Maimu Berg \u00a4 August Jakob Westr\u00e9n-Doll (1838 \u2013 1912), p\u00f5lvnes tuntud kiriku\u00f5petajate suguv\u00f5sast, paljulapselisest perest, isa oli ka Kuressaare Laurentiuse kiriku \u00f5petaja. \u00dcks Augusti \u00f5dedest Juliana Carolina ehk Jula oli abielus Jaan Te\u00e4rega (1854 \u2013 1925), tuntud laevaehitaja, merenduse asjatundja ja seltskonnategelasega.\u00a0 Mustjalas oli\u00a0&#8230;<\/p>\n","protected":false},"author":1,"featured_media":0,"parent":0,"menu_order":0,"comment_status":"closed","ping_status":"closed","template":"","meta":{"_kad_post_transparent":"default","_kad_post_title":"hide","_kad_post_layout":"fullwidth","_kad_post_sidebar_id":"","_kad_post_content_style":"unboxed","_kad_post_vertical_padding":"hide","_kad_post_feature":"hide","_kad_post_feature_position":"","_kad_post_header":false,"_kad_post_footer":false,"footnotes":""},"class_list":["post-1754","page","type-page","status-publish","hentry"],"_links":{"self":[{"href":"https:\/\/mustjalakogudus.ee\/index.php?rest_route=\/wp\/v2\/pages\/1754","targetHints":{"allow":["GET"]}}],"collection":[{"href":"https:\/\/mustjalakogudus.ee\/index.php?rest_route=\/wp\/v2\/pages"}],"about":[{"href":"https:\/\/mustjalakogudus.ee\/index.php?rest_route=\/wp\/v2\/types\/page"}],"author":[{"embeddable":true,"href":"https:\/\/mustjalakogudus.ee\/index.php?rest_route=\/wp\/v2\/users\/1"}],"replies":[{"embeddable":true,"href":"https:\/\/mustjalakogudus.ee\/index.php?rest_route=%2Fwp%2Fv2%2Fcomments&post=1754"}],"version-history":[{"count":23,"href":"https:\/\/mustjalakogudus.ee\/index.php?rest_route=\/wp\/v2\/pages\/1754\/revisions"}],"predecessor-version":[{"id":1824,"href":"https:\/\/mustjalakogudus.ee\/index.php?rest_route=\/wp\/v2\/pages\/1754\/revisions\/1824"}],"wp:attachment":[{"href":"https:\/\/mustjalakogudus.ee\/index.php?rest_route=%2Fwp%2Fv2%2Fmedia&parent=1754"}],"curies":[{"name":"wp","href":"https:\/\/api.w.org\/{rel}","templated":true}]}}